{"id":7287,"date":"2018-04-07T15:02:10","date_gmt":"2018-04-07T15:02:10","guid":{"rendered":"http:\/\/impreza12.us-themes.com\/?page_id=7287"},"modified":"2020-09-25T17:16:42","modified_gmt":"2020-09-25T17:16:42","slug":"latest","status":"publish","type":"page","link":"https:\/\/freiburg.samstagsknaller.de\/","title":{"rendered":"Samstags Knaller Freiburg"},"content":{"rendered":"<section class=\"l-section wpb_row height_medium full_height valign_center with_img parallax_ver\"><div class=\"l-section-img\" role=\"img\" aria-label=\"Bild\" data-img-width=\"1920\" data-img-height=\"1080\" style=\"background-image: url(https:\/\/freiburg.samstagsknaller.de\/wp-content\/uploads\/2020\/02\/232160763_c_5second_Web.jpg);\"><\/div><div class=\"l-section-h i-cf\"><div class=\"g-cols vc_row via_flex valign_top type_default stacking_default\"><div class=\"vc_col-sm-12 wpb_column vc_column_container\"><div class=\"vc_column-inner\"><div class=\"wpb_wrapper\"><div class=\"w-image align_center\"><div class=\"w-image-h\"><img decoding=\"async\" width=\"400\" height=\"236\" src=\"https:\/\/freiburg.samstagsknaller.de\/wp-content\/uploads\/2020\/05\/samstagsknaller_freiburg_logo.png\" class=\"attachment-full size-full\" alt=\"\" loading=\"lazy\" srcset=\"https:\/\/freiburg.samstagsknaller.de\/wp-content\/uploads\/2020\/05\/samstagsknaller_freiburg_logo.png 400w, https:\/\/freiburg.samstagsknaller.de\/wp-content\/uploads\/2020\/05\/samstagsknaller_freiburg_logo-300x177.png 300w\" sizes=\"auto, (max-width: 400px) 100vw, 400px\" \/><\/div><\/div><\/div><\/div><\/div><\/div><\/div><\/section><section class=\"l-section wpb_row us_custom_4fb9e5a3 height_small\"><div class=\"l-section-h i-cf\"><div class=\"g-cols vc_row via_flex valign_top type_default stacking_default\"><div class=\"vc_col-sm-12 wpb_column vc_column_container\"><div class=\"vc_column-inner\"><div class=\"wpb_wrapper\"><div class=\"w-separator size_medium\"><\/div><div class=\"wpb_text_column\"><div class=\"wpb_wrapper\"><h3 style=\"text-align: left;\">Samstagsknaller: Jede Woche neue tolle Angebote sichern!<\/h3>\n<\/div><\/div><div class=\"w-separator size_small\"><\/div><div class=\"wpb_text_column\"><div class=\"wpb_wrapper\"><p style=\"font-size: 20px; text-align: left;\">Sie k\u00f6nnen alle Angebote direkt vor Ort einl\u00f6sen.\u00a0Es bedarf keiner Anmeldung oder Registrierung.\u00a0Ihre Daten wollen wir auch nicht. <strong>Was wollen wir?\u00a0\u2014 Nur, dass Sie mit vollen T\u00fcten nach Hause gehen.<br \/>\n<\/strong><\/p>\n<p style=\"font-size: 20px; text-align: left;\">So einfach funktioniert\u2018s:<\/p>\n<\/div><\/div><div class=\"w-separator size_medium\"><\/div><div class=\"g-cols wpb_row via_flex valign_top type_default stacking_default\"><div class=\"vc_col-sm-3 wpb_column vc_column_container\"><div class=\"vc_column-inner\"><div class=\"wpb_wrapper\"><div class=\"wpb_text_column\"><div class=\"wpb_wrapper\"><h3 style=\"text-align: center;\">1. Angebot finden<\/h3>\n<\/div><\/div><\/div><\/div><\/div><div class=\"vc_col-sm-3 wpb_column vc_column_container\"><div class=\"vc_column-inner\"><div class=\"wpb_wrapper\"><div class=\"wpb_text_column\"><div class=\"wpb_wrapper\"><h3 style=\"text-align: center;\">2. Gesch\u00e4ft suchen<\/h3>\n<\/div><\/div><\/div><\/div><\/div><div class=\"vc_col-sm-3 wpb_column vc_column_container\"><div class=\"vc_column-inner\"><div class=\"wpb_wrapper\"><div class=\"wpb_text_column\"><div class=\"wpb_wrapper\"><h3 style=\"text-align: center;\">3. Code zeigen<\/h3>\n<\/div><\/div><\/div><\/div><\/div><div class=\"vc_col-sm-3 wpb_column vc_column_container\"><div class=\"vc_column-inner\"><div class=\"wpb_wrapper\"><div class=\"wpb_text_column\"><div class=\"wpb_wrapper\"><h3 style=\"text-align: center;\">4. Angebot einl\u00f6sen<\/h3>\n<\/div><\/div><\/div><\/div><\/div><\/div><div class=\"w-separator size_medium\"><\/div><\/div><\/div><\/div><\/div><\/div><\/section><section class=\"l-section wpb_row height_small\"><div class=\"l-section-overlay\" style=\"background:#0a60ab\"><\/div><div class=\"l-section-h i-cf\"><div class=\"g-cols vc_row via_flex valign_top type_default stacking_default\"><div class=\"vc_col-sm-12 wpb_column vc_column_container\"><div class=\"vc_column-inner\"><div class=\"wpb_wrapper\"><div class=\"w-grid us_grid type_grid layout_8889 cols_3 preload_style_spinner ratio_4x3\" id=\"us_grid_1\" style=\"--columns:3;--gap:20px;--item-ratio:0.75;\" data-filterable=\"true\"><style>@media (max-width:1024px){#us_grid_1{--columns:2!important}}@media (max-width:600px){#us_grid_1{--columns:1!important}}@media (min-width:1024px){#us_grid_1 .w-post-elm.post_title{font-size:1.8rem!important}}.layout_8889 .w-grid-item-h{background:#ffffff;color:#1a1a1a;border-radius:0.3rem;box-shadow:0 0.1rem 0.2rem rgba(0,0,0,0.1),0 0.33rem 1rem rgba(0,0,0,0.1);transition-duration:0.3s}.layout_8889 .usg_vwrapper_1{padding:5% 0px 0px 0px!important}.layout_8889 .usg_post_taxonomy_1{font-weight:700!important;text-transform:uppercase!important;font-size:10px!important;position:absolute!important;top:1.2rem!important;right:1.2rem!important;left:1.2rem!important}.layout_8889 .usg_vwrapper_2{margin-top:5%!important}.layout_8889 .usg_post_title_2{font-weight:700!important;font-size:2.5rem!important}<\/style><div class=\"w-grid-list\">\t<article class=\"w-grid-item size_1x1 post-9203 post type-post status-publish format-standard has-post-thumbnail hentry category-essen-trinken\" data-id=\"9203\">\r\n\t\t<div class=\"w-grid-item-h\">\r\n\t\t\t\t\t\t<div class=\"w-post-elm post_image usg_post_image_1 stretched\"><img loading=\"lazy\" decoding=\"async\" width=\"640\" height=\"320\" src=\"https:\/\/freiburg.samstagsknaller.de\/wp-content\/uploads\/2020\/06\/SAM_GANTER_01.jpg\" class=\"attachment-large size-large wp-post-image\" alt=\"\" srcset=\"https:\/\/freiburg.samstagsknaller.de\/wp-content\/uploads\/2020\/06\/SAM_GANTER_01.jpg 640w, https:\/\/freiburg.samstagsknaller.de\/wp-content\/uploads\/2020\/06\/SAM_GANTER_01-300x150.jpg 300w, https:\/\/freiburg.samstagsknaller.de\/wp-content\/uploads\/2020\/06\/SAM_GANTER_01-600x300.jpg 600w\" sizes=\"auto, (max-width: 640px) 100vw, 640px\" \/><\/div><div class=\"w-post-elm post_taxonomy usg_post_taxonomy_1 style_badge color_link_inherit\"><span class=\"w-btn us-btn-style_badge term-3 term-essen-trinken\"><span class=\"w-btn-label\">Essen &amp; Trinken<\/span><\/span><\/div><div class=\"w-vwrapper usg_vwrapper_2 align_center valign_middle\"><h1 class=\"w-post-elm post_title usg_post_title_2 align_center entry-title\">Brauerei GANTER<\/h1><\/div><div class=\"w-vwrapper usg_vwrapper_1 align_left valign_top\"><div class=\"w-post-elm post_content usg_post_content_1\"><section class=\"l-section wpb_row height_auto\"><div class=\"l-section-h i-cf\"><div class=\"g-cols vc_row via_flex valign_top type_default stacking_default\"><div class=\"vc_col-sm-12 wpb_column vc_column_container\"><div class=\"vc_column-inner\"><div class=\"wpb_wrapper\"><div class=\"w-separator size_small with_line width_default thick_1 style_solid color_text align_center\"><div class=\"w-separator-h\"><\/div><\/div><div class=\"wpb_text_column\"><div class=\"wpb_wrapper\"><p>Traditionelle Biere, die liebevoll aus regionalen Rohstoffen gebraut werden &#8211; eben echte Freiburger Braukultur.<\/p>\n<\/div><\/div><div class=\"w-separator size_small with_line width_default thick_1 style_solid color_text align_center\"><div class=\"w-separator-h\"><\/div><\/div><div class=\"wpb_text_column\"><div class=\"wpb_wrapper\"><p><a href=\"https:\/\/www.google.com\/maps\/dir\/\/FBQ,+Fabrikstr+9,+79102+Freiburg\/data=!4m6!4m5!1m1!4e2!1m2!1m1!1s0x47911cbe110ed02b:0xa7ef631882298203?sa=X&amp;ved=2ahUKEwjM49ueuZrqAhWE16QKHQa0BCIQ9RcwC3oECBEQDA\" target=\"_blank\" rel=\"noopener noreferrer\">FBQ, Fabrikstra\u00dfe 9, <\/a><br \/>\n<a href=\"https:\/\/www.google.com\/maps\/dir\/\/FBQ,+Fabrikstr+9,+79102+Freiburg\/data=!4m6!4m5!1m1!4e2!1m2!1m1!1s0x47911cbe110ed02b:0xa7ef631882298203?sa=X&amp;ved=2ahUKEwjM49ueuZrqAhWE16QKHQa0BCIQ9RcwC3oECBEQDA\" target=\"_blank\" rel=\"noopener noreferrer\">79102 Freiburg<\/a><\/p>\n<\/div><\/div><div class=\"w-separator size_small with_line width_default thick_1 style_solid color_text align_center\"><div class=\"w-separator-h\"><\/div><\/div><div class=\"wpb_text_column us_custom_f2c1585b has_text_color\"><div class=\"wpb_wrapper\"><h1 style=\"text-align: right;\"><span style=\"color: #5fa523;\"><strong>15%<\/strong><\/span><\/h1>\n<\/div><\/div><div class=\"wpb_text_column\"><div class=\"wpb_wrapper\"><p style=\"text-align: right;\">auf den Einkauf in unserem<br \/>\nBrauerei-Shop FBQ<\/p>\n<\/div><\/div><div class=\"w-separator size_small\"><\/div><\/div><\/div><\/div><\/div><\/div><\/section><section class=\"l-section wpb_row height_small\"><div class=\"l-section-overlay\" style=\"background:#999999\"><\/div><div class=\"l-section-h i-cf\"><div class=\"g-cols vc_row via_flex valign_top type_default stacking_default\"><div class=\"vc_col-sm-12 wpb_column vc_column_container has_text_color\"><div class=\"vc_column-inner us_custom_6df4bc3a\"><div class=\"wpb_wrapper\"><div class=\"wpb_text_column us_custom_6df4bc3a text-code has_text_color\"><div class=\"wpb_wrapper\"><h2 style=\"text-align: center; color: #fff; font-weight: 400;\">CODE:<span style=\"color: #ffffff; font-weight: 600;\"> BIER+1<\/span><\/h2>\n<\/div><\/div><\/div><\/div><\/div><\/div><\/div><\/section>\n<\/div><\/div>\t\t<\/div>\r\n\t\t\t<\/article>\r\n<\/div><style id=\"grid-post-content-css\">.us_custom_f2c1585b{color:#60a623!important;text-align:right!important;font-size:50px!important}.us_custom_6df4bc3a{color:#ffffff!important}<\/style>\t<div class=\"w-grid-preloader\">\r\n\t\t<div class=\"g-preloader type_1\">\r\n\t\t\t<div><\/div>\r\n\t\t<\/div>\r\n\t<\/div>\r\n\t\t<div class=\"w-grid-json hidden\" onclick='return {&quot;action&quot;:&quot;us_ajax_grid&quot;,&quot;infinite_scroll&quot;:0,&quot;max_num_pages&quot;:1,&quot;pagination&quot;:&quot;none&quot;,&quot;template_vars&quot;:{&quot;columns&quot;:&quot;3&quot;,&quot;exclude_items&quot;:&quot;prev&quot;,&quot;img_size&quot;:&quot;default&quot;,&quot;ignore_items_size&quot;:0,&quot;items_layout&quot;:&quot;8889&quot;,&quot;items_offset&quot;:&quot;1&quot;,&quot;load_animation&quot;:&quot;none&quot;,&quot;overriding_link&quot;:&quot;{\\&quot;url\\&quot;:\\&quot;\\&quot;}&quot;,&quot;post_id&quot;:0,&quot;query_args&quot;:{&quot;post_type&quot;:[&quot;post&quot;],&quot;tax_query&quot;:[{&quot;taxonomy&quot;:&quot;category&quot;,&quot;field&quot;:&quot;slug&quot;,&quot;terms&quot;:[&quot;accessoires&quot;,&quot;essen-trinken&quot;,&quot;mode&quot;,&quot;sport&quot;,&quot;technik&quot;,&quot;apotheken&quot;,&quot;floristik&quot;,&quot;beauty&quot;,&quot;haus-und-garten&quot;,&quot;drogerie-parfuemerie&quot;,&quot;hobby&quot;,&quot;laedele&quot;,&quot;sport-freizeit&quot;,&quot;media-elektronik&quot;,&quot;wohnen-deko&quot;]}],&quot;post_status&quot;:[&quot;publish&quot;],&quot;posts_per_page&quot;:&quot;3&quot;},&quot;orderby_query_args&quot;:{&quot;orderby&quot;:{&quot;date&quot;:&quot;DESC&quot;}},&quot;type&quot;:&quot;grid&quot;,&quot;us_grid_post_type&quot;:&quot;post&quot;,&quot;us_grid_ajax_index&quot;:1,&quot;us_grid_filter_query_string&quot;:null,&quot;us_grid_index&quot;:1,&quot;page_args&quot;:[]}}'><\/div>\r\n\t<\/div><div class=\"w-separator size_small\"><\/div><div class=\"w-separator size_medium\"><\/div><div class=\"w-grid us_grid type_grid layout_blog_1 hidden cols_2 preload_style_spinner\" id=\"us_grid_2\" style=\"--columns:2;--gap:1.5rem;\" data-filterable=\"true\"><style>@media (max-width:600px){#us_grid_2{--columns:1!important}}.layout_blog_1 .w-grid-item-h{}.layout_blog_1 .usg_post_image_1{margin-bottom:0.5rem!important}.layout_blog_1 .usg_post_title_1{font-size:1rem!important}<\/style><div class=\"w-grid-list\"><\/div><style id=\"grid-post-content-css\">.us_custom_f2c1585b{color:#60a623!important;text-align:right!important;font-size:50px!important}.us_custom_6df4bc3a{color:#ffffff!important}<\/style>\t<div class=\"w-grid-preloader\">\r\n\t\t<div class=\"g-preloader type_1\">\r\n\t\t\t<div><\/div>\r\n\t\t<\/div>\r\n\t<\/div>\r\n\t\t<div class=\"w-grid-json hidden\" onclick='return {&quot;action&quot;:&quot;us_ajax_grid&quot;,&quot;infinite_scroll&quot;:0,&quot;max_num_pages&quot;:0,&quot;pagination&quot;:&quot;none&quot;,&quot;template_vars&quot;:{&quot;columns&quot;:&quot;2&quot;,&quot;exclude_items&quot;:&quot;prev&quot;,&quot;img_size&quot;:&quot;default&quot;,&quot;ignore_items_size&quot;:0,&quot;items_layout&quot;:&quot;blog_1&quot;,&quot;items_offset&quot;:&quot;1&quot;,&quot;load_animation&quot;:&quot;none&quot;,&quot;overriding_link&quot;:&quot;{\\&quot;url\\&quot;:\\&quot;\\&quot;}&quot;,&quot;post_id&quot;:0,&quot;query_args&quot;:{&quot;post_type&quot;:[&quot;post&quot;],&quot;tax_query&quot;:[{&quot;taxonomy&quot;:&quot;category&quot;,&quot;field&quot;:&quot;slug&quot;,&quot;terms&quot;:[&quot;accessoires&quot;,&quot;apotheken&quot;,&quot;beauty&quot;,&quot;drogerie-parfuemerie&quot;,&quot;laedele&quot;,&quot;hobby&quot;,&quot;haus-und-garten&quot;,&quot;floristik&quot;,&quot;essen-trinken&quot;,&quot;media-elektronik&quot;,&quot;mode&quot;,&quot;sport-freizeit&quot;,&quot;wohnen-deko&quot;]}],&quot;post_status&quot;:[&quot;publish&quot;],&quot;ignore_sticky_posts&quot;:1,&quot;post__not_in&quot;:[9203],&quot;posts_per_page&quot;:&quot;10&quot;},&quot;orderby_query_args&quot;:{&quot;orderby&quot;:{&quot;date&quot;:&quot;DESC&quot;}},&quot;type&quot;:&quot;grid&quot;,&quot;us_grid_post_type&quot;:&quot;post&quot;,&quot;us_grid_ajax_index&quot;:2,&quot;us_grid_filter_query_string&quot;:null,&quot;us_grid_index&quot;:2,&quot;page_args&quot;:[]}}'><\/div>\r\n\t<\/div><div class=\"w-grid-none type_message\"><\/div><\/div><\/div><\/div><\/div><\/div><\/section><section class=\"l-section wpb_row werbeblock2 height_small\" id=\"werbeblock2\"><div class=\"l-section-h i-cf\"><div class=\"g-cols vc_row via_flex valign_top type_default stacking_default\"><div class=\"vc_col-sm-12 wpb_column vc_column_container\"><div class=\"vc_column-inner\"><div class=\"wpb_wrapper\"><div class=\"g-cols wpb_row us_custom_6bb804cb via_flex valign_top type_boxes stacking_default\"><div class=\"vc_col-sm-6 wpb_column vc_column_container has_bg_color has-link\"><div class=\"vc_column-inner us_custom_547c9dab\"><div class=\"wpb_wrapper\"><div class=\"w-separator size_huge\"><\/div><\/div><\/div><a target=\"_blank\" rel=\"nofollow\" href=\"https:\/\/echo-magazin.de\/abo-bestellen\/\" class=\"vc_column-link smooth-scroll\" aria-label=\"Link\"><\/a><\/div><div class=\"vc_col-sm-6 wpb_column vc_column_container\"><div class=\"vc_column-inner\"><div class=\"wpb_wrapper\"><div class=\"wpb_text_column\"><div class=\"wpb_wrapper\"><h3>Echo Magazin<\/h3>\n<\/div><\/div><div class=\"wpb_text_column\"><div class=\"wpb_wrapper\"><p>Das <em>Echo Magazin<\/em> hat es sich zur Aufgabe gemacht, die ganze Vielfalt der wohl sch\u00f6nsten Region Deutschlands zu pr\u00e4sentieren. Nat\u00fcrlich sind der Kaiserstuhl und der Tuniberg die ersten Adressen Badens, wenn es um die besten Weine des deutschen S\u00fcdwestens, eine hervorragende Gastronomie, zahlreiche urige und charmante Ortschaften und eine gut ausgebaute Infrastruktur.<\/p>\n<p><strong>Echo Magazin &#8211; ein farbiges Spiegelbild der Region<\/strong><br \/>\n<strong>Kommen Sie mit auf unseren kleinen Streifzug.<\/strong><\/p>\n<\/div><\/div><\/div><\/div><\/div><\/div><\/div><\/div><\/div><\/div><\/div><\/section>\n","protected":false},"excerpt":{"rendered":"Traditionelle Biere, die liebevoll aus regionalen Rohstoffen gebraut werden &#8211; eben echte Freiburger Braukultur. FBQ, Fabrikstra\u00dfe 9, 79102 Freiburg 15% auf den Einkauf in unserem Brauerei-Shop FBQ CODE: BIER+1","protected":false},"author":2,"featured_media":0,"parent":0,"menu_order":0,"comment_status":"closed","ping_status":"closed","template":"","meta":{"inline_featured_image":false,"footnotes":""},"class_list":["post-7287","page","type-page","status-publish","hentry"],"yoast_head":"<!-- This site is optimized with the Yoast SEO plugin v27.3 - https:\/\/yoast.com\/product\/yoast-seo-wordpress\/ -->\n<title>Samstags Knaller Freiburg - Freiburgs - Samstagsknaller<\/title>\n<meta name=\"robots\" content=\"index, follow, max-snippet:-1, max-image-preview:large, max-video-preview:-1\" \/>\n<link rel=\"canonical\" href=\"https:\/\/freiburg.samstagsknaller.de\/\" \/>\n<meta property=\"og:locale\" content=\"de_DE\" \/>\n<meta property=\"og:type\" content=\"article\" \/>\n<meta property=\"og:title\" content=\"Samstags Knaller Freiburg - Freiburgs - Samstagsknaller\" \/>\n<meta property=\"og:url\" content=\"https:\/\/freiburg.samstagsknaller.de\/\" \/>\n<meta property=\"og:site_name\" content=\"Freiburgs - Samstagsknaller\" \/>\n<meta property=\"article:modified_time\" content=\"2020-09-25T17:16:42+00:00\" \/>\n<meta name=\"twitter:card\" content=\"summary_large_image\" \/>\n<meta name=\"twitter:label1\" content=\"Gesch\u00e4tzte Lesezeit\" \/>\n\t<meta name=\"twitter:data1\" content=\"3\u00a0Minuten\" \/>\n<script type=\"application\/ld+json\" class=\"yoast-schema-graph\">{\"@context\":\"https:\\\/\\\/schema.org\",\"@graph\":[{\"@type\":\"WebPage\",\"@id\":\"https:\\\/\\\/freiburg.samstagsknaller.de\\\/\",\"url\":\"https:\\\/\\\/freiburg.samstagsknaller.de\\\/\",\"name\":\"Samstags Knaller Freiburg - Freiburgs - Samstagsknaller\",\"isPartOf\":{\"@id\":\"https:\\\/\\\/freiburg.samstagsknaller.de\\\/#website\"},\"datePublished\":\"2018-04-07T15:02:10+00:00\",\"dateModified\":\"2020-09-25T17:16:42+00:00\",\"breadcrumb\":{\"@id\":\"https:\\\/\\\/freiburg.samstagsknaller.de\\\/#breadcrumb\"},\"inLanguage\":\"de\",\"potentialAction\":[{\"@type\":\"ReadAction\",\"target\":[\"https:\\\/\\\/freiburg.samstagsknaller.de\\\/\"]}]},{\"@type\":\"BreadcrumbList\",\"@id\":\"https:\\\/\\\/freiburg.samstagsknaller.de\\\/#breadcrumb\",\"itemListElement\":[{\"@type\":\"ListItem\",\"position\":1,\"name\":\"Startseite\",\"item\":\"https:\\\/\\\/freiburg.samstagsknaller.de\\\/\"},{\"@type\":\"ListItem\",\"position\":2,\"name\":\"Samstags Knaller Freiburg\"}]},{\"@type\":\"WebSite\",\"@id\":\"https:\\\/\\\/freiburg.samstagsknaller.de\\\/#website\",\"url\":\"https:\\\/\\\/freiburg.samstagsknaller.de\\\/\",\"name\":\"Freiburgs - Samstagsknaller\",\"description\":\"\",\"potentialAction\":[{\"@type\":\"SearchAction\",\"target\":{\"@type\":\"EntryPoint\",\"urlTemplate\":\"https:\\\/\\\/freiburg.samstagsknaller.de\\\/?s={search_term_string}\"},\"query-input\":{\"@type\":\"PropertyValueSpecification\",\"valueRequired\":true,\"valueName\":\"search_term_string\"}}],\"inLanguage\":\"de\"}]}<\/script>\n<!-- \/ Yoast SEO plugin. -->","yoast_head_json":{"title":"Samstags Knaller Freiburg - Freiburgs - Samstagsknaller","robots":{"index":"index","follow":"follow","max-snippet":"max-snippet:-1","max-image-preview":"max-image-preview:large","max-video-preview":"max-video-preview:-1"},"canonical":"https:\/\/freiburg.samstagsknaller.de\/","og_locale":"de_DE","og_type":"article","og_title":"Samstags Knaller Freiburg - Freiburgs - Samstagsknaller","og_url":"https:\/\/freiburg.samstagsknaller.de\/","og_site_name":"Freiburgs - Samstagsknaller","article_modified_time":"2020-09-25T17:16:42+00:00","twitter_card":"summary_large_image","twitter_misc":{"Gesch\u00e4tzte Lesezeit":"3\u00a0Minuten"},"schema":{"@context":"https:\/\/schema.org","@graph":[{"@type":"WebPage","@id":"https:\/\/freiburg.samstagsknaller.de\/","url":"https:\/\/freiburg.samstagsknaller.de\/","name":"Samstags Knaller Freiburg - Freiburgs - Samstagsknaller","isPartOf":{"@id":"https:\/\/freiburg.samstagsknaller.de\/#website"},"datePublished":"2018-04-07T15:02:10+00:00","dateModified":"2020-09-25T17:16:42+00:00","breadcrumb":{"@id":"https:\/\/freiburg.samstagsknaller.de\/#breadcrumb"},"inLanguage":"de","potentialAction":[{"@type":"ReadAction","target":["https:\/\/freiburg.samstagsknaller.de\/"]}]},{"@type":"BreadcrumbList","@id":"https:\/\/freiburg.samstagsknaller.de\/#breadcrumb","itemListElement":[{"@type":"ListItem","position":1,"name":"Startseite","item":"https:\/\/freiburg.samstagsknaller.de\/"},{"@type":"ListItem","position":2,"name":"Samstags Knaller Freiburg"}]},{"@type":"WebSite","@id":"https:\/\/freiburg.samstagsknaller.de\/#website","url":"https:\/\/freiburg.samstagsknaller.de\/","name":"Freiburgs - Samstagsknaller","description":"","potentialAction":[{"@type":"SearchAction","target":{"@type":"EntryPoint","urlTemplate":"https:\/\/freiburg.samstagsknaller.de\/?s={search_term_string}"},"query-input":{"@type":"PropertyValueSpecification","valueRequired":true,"valueName":"search_term_string"}}],"inLanguage":"de"}]}},"_links":{"self":[{"href":"https:\/\/freiburg.samstagsknaller.de\/index.php\/wp-json\/wp\/v2\/pages\/7287","targetHints":{"allow":["GET"]}}],"collection":[{"href":"https:\/\/freiburg.samstagsknaller.de\/index.php\/wp-json\/wp\/v2\/pages"}],"about":[{"href":"https:\/\/freiburg.samstagsknaller.de\/index.php\/wp-json\/wp\/v2\/types\/page"}],"author":[{"embeddable":true,"href":"https:\/\/freiburg.samstagsknaller.de\/index.php\/wp-json\/wp\/v2\/users\/2"}],"replies":[{"embeddable":true,"href":"https:\/\/freiburg.samstagsknaller.de\/index.php\/wp-json\/wp\/v2\/comments?post=7287"}],"version-history":[{"count":40,"href":"https:\/\/freiburg.samstagsknaller.de\/index.php\/wp-json\/wp\/v2\/pages\/7287\/revisions"}],"predecessor-version":[{"id":9316,"href":"https:\/\/freiburg.samstagsknaller.de\/index.php\/wp-json\/wp\/v2\/pages\/7287\/revisions\/9316"}],"wp:attachment":[{"href":"https:\/\/freiburg.samstagsknaller.de\/index.php\/wp-json\/wp\/v2\/media?parent=7287"}],"curies":[{"name":"wp","href":"https:\/\/api.w.org\/{rel}","templated":true}]}}