{"id":8868,"date":"2020-01-27T14:10:46","date_gmt":"2020-01-27T14:10:46","guid":{"rendered":"https:\/\/breisach.samstagsknaller.de\/?page_id=8868"},"modified":"2020-08-21T11:58:33","modified_gmt":"2020-08-21T11:58:33","slug":"impressum","status":"publish","type":"page","link":"https:\/\/freiburg.samstagsknaller.de\/index.php\/impressum\/","title":{"rendered":"Impressum"},"content":{"rendered":"<section class=\"l-section wpb_row height_large with_img parallax_ver\"><div class=\"l-section-img\" role=\"img\" aria-label=\"Bild\" data-img-width=\"1920\" data-img-height=\"1280\" style=\"background-image: url(https:\/\/freiburg.samstagsknaller.de\/wp-content\/uploads\/2020\/01\/SamstagsKnallerBreisach-BG.jpg);\"><\/div><div class=\"l-section-h i-cf\"><div class=\"g-cols vc_row via_flex valign_top type_default stacking_default\"><div class=\"vc_col-sm-12 wpb_column vc_column_container has_text_color us_animate_afc\"><div class=\"vc_column-inner us_custom_5e465b5e\"><div class=\"wpb_wrapper\"><div class=\"wpb_text_column\"><div class=\"wpb_wrapper\"><h1 style=\"text-align: center;\">IMPRESSUM<\/h1>\n<\/div><\/div><\/div><\/div><\/div><\/div><\/div><\/section><section class=\"l-section wpb_row height_small\"><div class=\"l-section-h i-cf\"><div class=\"g-cols vc_row via_flex valign_top type_default stacking_default\"><div class=\"vc_col-sm-12 wpb_column vc_column_container\"><div class=\"vc_column-inner\"><div class=\"wpb_wrapper\"><div class=\"w-separator size_large\"><\/div><div class=\"wpb_text_column\"><div class=\"wpb_wrapper\"><h2 data-fontsize=\"40\" data-lineheight=\"50\">Angaben gem\u00e4\u00df \u00a7 5 TMG:<\/h2>\n<p>Oberrheinische Medien GmbH<br \/>\nMarktplatz 7<br \/>\n79206 Breisach<\/p>\n<h2 data-fontsize=\"40\" data-lineheight=\"50\">Vertreten durch:<\/h2>\n<p>Oberrheinische Medien GmbH vertreten durch die Gesch\u00e4ftsf\u00fchrer:<br \/>\nAndreas Dewaldt<br \/>\nSusann Hemmerich<\/p>\n<h2 data-fontsize=\"40\" data-lineheight=\"50\">Kontakt:<\/h2>\n<p>Telefon: 07667 4458888<br \/>\nTelefax: 07667 4458889<br \/>\nE-Mail: <a href=\"mailto:info@samstagsknaller.de\">info@samstagsknaller.de<\/a><\/p>\n<h2 data-fontsize=\"40\" data-lineheight=\"50\">Registereintrag:<\/h2>\n<p>Eintragung im Handelsregister.<br \/>\nRegistergericht:Amtsgericht Freiburg<br \/>\nRegisternummer: HRB 716288<\/p>\n<h2 data-fontsize=\"40\" data-lineheight=\"50\">Umsatzsteuer:<\/h2>\n<p>Umsatzsteuer-Identifikationsnummer gem\u00e4\u00df \u00a727 a Umsatzsteuergesetz:<br \/>\nDE815700969<\/p>\n<h2 data-fontsize=\"40\" data-lineheight=\"50\">Verantwortlich f\u00fcr den Inhalt nach \u00a7 55 Abs. 2 RStV:<\/h2>\n<p>Andreas Dewaldt und Susann Hemmerich<\/p>\n<p>Oberrheinische Medien GmbH<br \/>\nMarktplatz 7<br \/>\n79206 Breisach<\/p>\n<h2 data-fontsize=\"40\" data-lineheight=\"50\">Streitschlichtung<\/h2>\n<p>Die Europ\u00e4ische Kommission stellt eine Plattform zur Online-Streitbeilegung (OS) bereit:\u00a0<a href=\"https:\/\/ec.europa.eu\/consumers\/odr\" target=\"_blank\" rel=\"noopener noreferrer\">https:\/\/ec.europa.eu\/consumers\/odr<\/a>.<br \/>\nUnsere E-Mail-Adresse finden Sie oben im Impressum.<\/p>\n<p>Wir sind nicht bereit oder verpflichtet, an Streitbeilegungsverfahren vor einer Verbraucherschlichtungsstelle teilzunehmen.<\/p>\n<h3 data-fontsize=\"32\" data-lineheight=\"40\">Haftung f\u00fcr Inhalte<\/h3>\n<p>Als Diensteanbieter sind wir gem\u00e4\u00df \u00a7 7 Abs.1 TMG f\u00fcr eigene Inhalte auf diesen Seiten nach den allgemeinen Gesetzen verantwortlich. Nach \u00a7\u00a7 8 bis 10 TMG sind wir als Diensteanbieter jedoch nicht verpflichtet, \u00fcbermittelte oder gespeicherte fremde Informationen zu \u00fcberwachen oder nach Umst\u00e4nden zu forschen, die auf eine rechtswidrige T\u00e4tigkeit hinweisen.<\/p>\n<p>Verpflichtungen zur Entfernung oder Sperrung der Nutzung von Informationen nach den allgemeinen Gesetzen bleiben hiervon unber\u00fchrt. Eine diesbez\u00fcgliche Haftung ist jedoch erst ab dem Zeitpunkt der Kenntnis einer konkreten Rechtsverletzung m\u00f6glich. Bei Bekanntwerden von entsprechenden Rechtsverletzungen werden wir diese Inhalte umgehend entfernen.<\/p>\n<h3 data-fontsize=\"32\" data-lineheight=\"40\">Haftung f\u00fcr Links<\/h3>\n<p>Unser Angebot enth\u00e4lt Links zu externen Websites Dritter, auf deren Inhalte wir keinen Einfluss haben. Deshalb k\u00f6nnen wir f\u00fcr diese fremden Inhalte auch keine Gew\u00e4hr \u00fcbernehmen. F\u00fcr die Inhalte der verlinkten Seiten ist stets der jeweilige Anbieter oder Betreiber der Seiten verantwortlich. Die verlinkten Seiten wurden zum Zeitpunkt der Verlinkung auf m\u00f6gliche Rechtsverst\u00f6\u00dfe \u00fcberpr\u00fcft. Rechtswidrige Inhalte waren zum Zeitpunkt der Verlinkung nicht erkennbar.<\/p>\n<p>Eine permanente inhaltliche Kontrolle der verlinkten Seiten ist jedoch ohne konkrete Anhaltspunkte einer Rechtsverletzung nicht zumutbar. Bei Bekanntwerden von Rechtsverletzungen werden wir derartige Links umgehend entfernen.<\/p>\n<h3 data-fontsize=\"32\" data-lineheight=\"40\">Urheberrecht<\/h3>\n<p>Die durch die Seitenbetreiber erstellten Inhalte und Werke auf diesen Seiten unterliegen dem deutschen Urheberrecht. Die Vervielf\u00e4ltigung, Bearbeitung, Verbreitung und jede Art der Verwertung au\u00dferhalb der Grenzen des Urheberrechtes bed\u00fcrfen der schriftlichen Zustimmung des jeweiligen Autors bzw. Erstellers. Downloads und Kopien dieser Seite sind nur f\u00fcr den privaten, nicht kommerziellen Gebrauch gestattet.<\/p>\n<p>Soweit die Inhalte auf dieser Seite nicht vom Betreiber erstellt wurden, werden die Urheberrechte Dritter beachtet. Insbesondere werden Inhalte Dritter als solche gekennzeichnet. Sollten Sie trotzdem auf eine Urheberrechtsverletzung aufmerksam werden, bitten wir um einen entsprechenden Hinweis. Bei Bekanntwerden von Rechtsverletzungen werden wir derartige Inhalte umgehend entfernen.<\/p>\n<\/div><\/div><div class=\"w-separator size_large\"><\/div><div class=\"wpb_text_column\"><div class=\"wpb_wrapper\"><h2 data-fontsize=\"40\" data-lineheight=\"50\">Programmierung:<\/h2>\n<p>Schuster Junge<br \/>\nWerbeagentur<br \/>\nSebastian Lorenz<br \/>\nKleinsteinen 3<br \/>\n79291 Merdingen<br \/>\n<a href=\"https:\/\/schuster-junge.de\/\" target=\"_blank\" rel=\"noopener noreferrer\">www.schuster-junge.de<\/a><\/p>\n<\/div><\/div><div class=\"w-separator size_large\"><\/div><\/div><\/div><\/div><\/div><\/div><\/section>\n","protected":false},"excerpt":{"rendered":"IMPRESSUM Angaben gem\u00e4\u00df \u00a7 5 TMG: Oberrheinische Medien GmbH Marktplatz 7 79206 Breisach Vertreten durch: Oberrheinische Medien GmbH vertreten durch die Gesch\u00e4ftsf\u00fchrer: Andreas Dewaldt Susann Hemmerich Kontakt: Telefon: 07667 4458888 Telefax: 07667 4458889 E-Mail: info@samstagsknaller.de Registereintrag: Eintragung im Handelsregister. Registergericht:Amtsgericht Freiburg Registernummer: HRB 716288 Umsatzsteuer: Umsatzsteuer-Identifikationsnummer gem\u00e4\u00df \u00a727 a Umsatzsteuergesetz: DE815700969 Verantwortlich f\u00fcr den Inhalt...","protected":false},"author":2,"featured_media":0,"parent":0,"menu_order":0,"comment_status":"closed","ping_status":"closed","template":"","meta":{"inline_featured_image":false,"footnotes":""},"class_list":["post-8868","page","type-page","status-publish","hentry"],"yoast_head":"<!-- This site is optimized with the Yoast SEO plugin v27.3 - https:\/\/yoast.com\/product\/yoast-seo-wordpress\/ -->\n<title>Impressum - Freiburgs - Samstagsknaller<\/title>\n<meta name=\"robots\" content=\"index, follow, max-snippet:-1, max-image-preview:large, max-video-preview:-1\" \/>\n<link rel=\"canonical\" href=\"https:\/\/freiburg.samstagsknaller.de\/index.php\/impressum\/\" \/>\n<meta property=\"og:locale\" content=\"de_DE\" \/>\n<meta property=\"og:type\" content=\"article\" \/>\n<meta property=\"og:title\" content=\"Impressum - Freiburgs - Samstagsknaller\" \/>\n<meta property=\"og:url\" content=\"https:\/\/freiburg.samstagsknaller.de\/index.php\/impressum\/\" \/>\n<meta property=\"og:site_name\" content=\"Freiburgs - Samstagsknaller\" \/>\n<meta property=\"article:modified_time\" content=\"2020-08-21T11:58:33+00:00\" \/>\n<meta name=\"twitter:card\" content=\"summary_large_image\" \/>\n<meta name=\"twitter:label1\" content=\"Gesch\u00e4tzte Lesezeit\" \/>\n\t<meta name=\"twitter:data1\" content=\"2\u00a0Minuten\" \/>\n<script type=\"application\/ld+json\" class=\"yoast-schema-graph\">{\"@context\":\"https:\\\/\\\/schema.org\",\"@graph\":[{\"@type\":\"WebPage\",\"@id\":\"https:\\\/\\\/freiburg.samstagsknaller.de\\\/index.php\\\/impressum\\\/\",\"url\":\"https:\\\/\\\/freiburg.samstagsknaller.de\\\/index.php\\\/impressum\\\/\",\"name\":\"Impressum - Freiburgs - Samstagsknaller\",\"isPartOf\":{\"@id\":\"https:\\\/\\\/freiburg.samstagsknaller.de\\\/#website\"},\"datePublished\":\"2020-01-27T14:10:46+00:00\",\"dateModified\":\"2020-08-21T11:58:33+00:00\",\"breadcrumb\":{\"@id\":\"https:\\\/\\\/freiburg.samstagsknaller.de\\\/index.php\\\/impressum\\\/#breadcrumb\"},\"inLanguage\":\"de\",\"potentialAction\":[{\"@type\":\"ReadAction\",\"target\":[\"https:\\\/\\\/freiburg.samstagsknaller.de\\\/index.php\\\/impressum\\\/\"]}]},{\"@type\":\"BreadcrumbList\",\"@id\":\"https:\\\/\\\/freiburg.samstagsknaller.de\\\/index.php\\\/impressum\\\/#breadcrumb\",\"itemListElement\":[{\"@type\":\"ListItem\",\"position\":1,\"name\":\"Startseite\",\"item\":\"https:\\\/\\\/freiburg.samstagsknaller.de\\\/\"},{\"@type\":\"ListItem\",\"position\":2,\"name\":\"Impressum\"}]},{\"@type\":\"WebSite\",\"@id\":\"https:\\\/\\\/freiburg.samstagsknaller.de\\\/#website\",\"url\":\"https:\\\/\\\/freiburg.samstagsknaller.de\\\/\",\"name\":\"Freiburgs - Samstagsknaller\",\"description\":\"\",\"potentialAction\":[{\"@type\":\"SearchAction\",\"target\":{\"@type\":\"EntryPoint\",\"urlTemplate\":\"https:\\\/\\\/freiburg.samstagsknaller.de\\\/?s={search_term_string}\"},\"query-input\":{\"@type\":\"PropertyValueSpecification\",\"valueRequired\":true,\"valueName\":\"search_term_string\"}}],\"inLanguage\":\"de\"}]}<\/script>\n<!-- \/ Yoast SEO plugin. -->","yoast_head_json":{"title":"Impressum - Freiburgs - Samstagsknaller","robots":{"index":"index","follow":"follow","max-snippet":"max-snippet:-1","max-image-preview":"max-image-preview:large","max-video-preview":"max-video-preview:-1"},"canonical":"https:\/\/freiburg.samstagsknaller.de\/index.php\/impressum\/","og_locale":"de_DE","og_type":"article","og_title":"Impressum - Freiburgs - Samstagsknaller","og_url":"https:\/\/freiburg.samstagsknaller.de\/index.php\/impressum\/","og_site_name":"Freiburgs - Samstagsknaller","article_modified_time":"2020-08-21T11:58:33+00:00","twitter_card":"summary_large_image","twitter_misc":{"Gesch\u00e4tzte Lesezeit":"2\u00a0Minuten"},"schema":{"@context":"https:\/\/schema.org","@graph":[{"@type":"WebPage","@id":"https:\/\/freiburg.samstagsknaller.de\/index.php\/impressum\/","url":"https:\/\/freiburg.samstagsknaller.de\/index.php\/impressum\/","name":"Impressum - Freiburgs - Samstagsknaller","isPartOf":{"@id":"https:\/\/freiburg.samstagsknaller.de\/#website"},"datePublished":"2020-01-27T14:10:46+00:00","dateModified":"2020-08-21T11:58:33+00:00","breadcrumb":{"@id":"https:\/\/freiburg.samstagsknaller.de\/index.php\/impressum\/#breadcrumb"},"inLanguage":"de","potentialAction":[{"@type":"ReadAction","target":["https:\/\/freiburg.samstagsknaller.de\/index.php\/impressum\/"]}]},{"@type":"BreadcrumbList","@id":"https:\/\/freiburg.samstagsknaller.de\/index.php\/impressum\/#breadcrumb","itemListElement":[{"@type":"ListItem","position":1,"name":"Startseite","item":"https:\/\/freiburg.samstagsknaller.de\/"},{"@type":"ListItem","position":2,"name":"Impressum"}]},{"@type":"WebSite","@id":"https:\/\/freiburg.samstagsknaller.de\/#website","url":"https:\/\/freiburg.samstagsknaller.de\/","name":"Freiburgs - Samstagsknaller","description":"","potentialAction":[{"@type":"SearchAction","target":{"@type":"EntryPoint","urlTemplate":"https:\/\/freiburg.samstagsknaller.de\/?s={search_term_string}"},"query-input":{"@type":"PropertyValueSpecification","valueRequired":true,"valueName":"search_term_string"}}],"inLanguage":"de"}]}},"_links":{"self":[{"href":"https:\/\/freiburg.samstagsknaller.de\/index.php\/wp-json\/wp\/v2\/pages\/8868","targetHints":{"allow":["GET"]}}],"collection":[{"href":"https:\/\/freiburg.samstagsknaller.de\/index.php\/wp-json\/wp\/v2\/pages"}],"about":[{"href":"https:\/\/freiburg.samstagsknaller.de\/index.php\/wp-json\/wp\/v2\/types\/page"}],"author":[{"embeddable":true,"href":"https:\/\/freiburg.samstagsknaller.de\/index.php\/wp-json\/wp\/v2\/users\/2"}],"replies":[{"embeddable":true,"href":"https:\/\/freiburg.samstagsknaller.de\/index.php\/wp-json\/wp\/v2\/comments?post=8868"}],"version-history":[{"count":1,"href":"https:\/\/freiburg.samstagsknaller.de\/index.php\/wp-json\/wp\/v2\/pages\/8868\/revisions"}],"predecessor-version":[{"id":9313,"href":"https:\/\/freiburg.samstagsknaller.de\/index.php\/wp-json\/wp\/v2\/pages\/8868\/revisions\/9313"}],"wp:attachment":[{"href":"https:\/\/freiburg.samstagsknaller.de\/index.php\/wp-json\/wp\/v2\/media?parent=8868"}],"curies":[{"name":"wp","href":"https:\/\/api.w.org\/{rel}","templated":true}]}}