{"id":8875,"date":"2020-01-27T14:12:07","date_gmt":"2020-01-27T14:12:07","guid":{"rendered":"https:\/\/breisach.samstagsknaller.de\/?page_id=8875"},"modified":"2020-09-25T17:21:33","modified_gmt":"2020-09-25T17:21:33","slug":"kontakt","status":"publish","type":"page","link":"https:\/\/freiburg.samstagsknaller.de\/index.php\/kontakt\/","title":{"rendered":"Kontakt"},"content":{"rendered":"<section class=\"l-section wpb_row height_large with_img parallax_ver\"><div class=\"l-section-img\" role=\"img\" aria-label=\"Bild\" data-img-width=\"1920\" data-img-height=\"1280\" style=\"background-image: url(https:\/\/freiburg.samstagsknaller.de\/wp-content\/uploads\/2020\/01\/SamstagsKnallerBreisach-BG.jpg);\"><\/div><div class=\"l-section-h i-cf\"><div class=\"g-cols vc_row via_flex valign_top type_default stacking_default\"><div class=\"vc_col-sm-12 wpb_column vc_column_container has_text_color us_animate_afc\"><div class=\"vc_column-inner us_custom_5e465b5e\"><div class=\"wpb_wrapper\"><div class=\"wpb_text_column\"><div class=\"wpb_wrapper\"><h1 style=\"text-align: center;\">Kontakt<\/h1>\n<\/div><\/div><\/div><\/div><\/div><\/div><\/div><\/section><section class=\"l-section wpb_row height_small color_alternate\"><div class=\"l-section-h i-cf\"><div class=\"g-cols vc_row via_flex valign_top type_default stacking_default\"><div class=\"vc_col-sm-6 wpb_column vc_column_container\"><div class=\"vc_column-inner\"><div class=\"wpb_wrapper\"><div class=\"w-separator size_large\"><\/div><div class=\"wpb_text_column\"><div class=\"wpb_wrapper\"><p><strong>Oberrheinische Medien GmbH<\/strong><br \/>\nMarktplatz 7, 79206 Breisach<\/p>\n<p>Telefon: 07667 4458888<br \/>\nTelefax: 07667 4458889<br \/>\nE-Mail: info@samstagsknaller.de<\/p>\n<\/div><\/div><div class=\"w-separator size_large\"><\/div><\/div><\/div><\/div><div class=\"vc_col-sm-6 wpb_column vc_column_container\"><div class=\"vc_column-inner\"><div class=\"wpb_wrapper\"><form class=\"w-form  us-field-style_1 layout_ver show_message_after_sending for_cform us_form_1\" action=\"https:\/\/freiburg.samstagsknaller.de\/index.php\/wp-json\/wp\/v2\/pages\/8875\" method=\"post\"><div class=\"w-form-h\"><div class=\"w-form-row for_text required\">\r\n\t\t<div class=\"w-form-row-field\">\r\n\t\t\t\t\t\t<input aria-label=\"Name\" type=\"text\" name=\"us_form_1_text_1\" value placeholder=\"Name *\" data-required=\"true\" aria-required=\"true\"\/>\r\n\t\t\t<\/div>\r\n\t\t<div class=\"w-form-row-state\">Bitte f\u00fcllen Sie dieses Feld aus.<\/div>\r\n<\/div>\r\n<div class=\"w-form-row for_email required\">\r\n\t\t<div class=\"w-form-row-field\">\r\n\t\t\t\t\t\t<input aria-label=\"E-Mail\" type=\"email\" name=\"us_form_1_email_1\" value placeholder=\"E-Mail *\" data-required=\"true\" aria-required=\"true\"\/>\r\n\t\t\t<\/div>\r\n\t\t<div class=\"w-form-row-state\">Bitte gib eine g\u00fcltige E-Mail-Adresse ein.<\/div>\r\n<\/div>\r\n<div class=\"w-form-row for_textarea\">\r\n\t\t<div class=\"w-form-row-field\">\r\n\t\t\t\t\t\t<textarea aria-label=\"Unternehmen\" name=\"us_form_1_textarea_1\" placeholder=\"Unternehmen\"><\/textarea>\r\n\t\t\t<\/div>\r\n\t\t<div class=\"w-form-row-state\">Bitte f\u00fcllen Sie dieses Feld aus.<\/div>\r\n<\/div>\r\n<div class=\"w-form-row for_text\">\r\n\t\t<div class=\"w-form-row-field\">\r\n\t\t\t\t\t\t<input aria-label=\"Telefonnummer\" type=\"text\" name=\"us_form_1_text_2\" value placeholder=\"Telefonnummer\"\/>\r\n\t\t\t<\/div>\r\n\t\t<div class=\"w-form-row-state\">Bitte f\u00fcllen Sie dieses Feld aus.<\/div>\r\n<\/div>\r\n<div class=\"w-form-row for_textarea\">\r\n\t\t<div class=\"w-form-row-field\">\r\n\t\t\t\t\t\t<textarea aria-label=\"Text\" name=\"us_form_1_textarea_2\" placeholder=\"Text\"><\/textarea>\r\n\t\t\t<\/div>\r\n\t\t<div class=\"w-form-row-state\">Bitte f\u00fcllen Sie dieses Feld aus.<\/div>\r\n<\/div>\r\n<div class=\"w-form-row for_captcha required\">\r\n\t<div class=\"w-form-row-label\">\r\n\t\t<span> <span>29 + 5 = ?<\/span><\/span>\r\n\t<\/div>\r\n\t<div class=\"w-form-row-field\">\r\n\t\t\t\t<input type=\"hidden\" name=\"us_form_1_captcha_1_hash\" value=\"5cdea95f16d6d21f39c2cad3085c1578\" \/>\r\n\t\t\t\t<input aria-label=\"us_form_1_captcha_1\" type=\"text\" name=\"us_form_1_captcha_1\" placeholder data-required=\"true\" aria-required=\"true\"\/>\r\n\t\t\t<\/div>\r\n\t\t<div class=\"w-form-row-state\">Bitte geben Sie das Ergebnis ein, um fortzufahren<\/div>\r\n<\/div>\r\n<input type=\"hidden\" name=\"action\" value=\"us_ajax_cform\" \/>\r\n<input type=\"hidden\" name=\"post_id\" value=\"0\" \/>\r\n<input type=\"hidden\" name=\"form_index\" value=\"1\" \/>\r\n<div class=\"w-form-row for_submit align_none\">\r\n\t<button class=\"w-btn  us-btn-style_1\" aria-label=\"Absenden\" type=\"submit\">\r\n\t\t<span class=\"g-preloader type_1\"><\/span>\r\n\t\t\t\t<span class=\"w-btn-label\">Absenden<\/span>\r\n\t\t\t<\/button>\r\n\t<\/div>\r\n<\/div><div class=\"w-form-message\"><\/div><div class=\"w-form-json hidden\" onclick='return {&quot;ajaxurl&quot;:&quot;https:\\\/\\\/freiburg.samstagsknaller.de\\\/wp-admin\\\/admin-ajax.php&quot;,&quot;messages&quot;:{&quot;err_empty&quot;:&quot;Bitte f\\u00fcllen Sie dieses Feld aus.&quot;,&quot;err_size&quot;:&quot;Die Dateigr\\u00f6\\u00dfe darf %s MB nicht \\u00fcberschreiten&quot;,&quot;err_extension&quot;:&quot;Dateityp %s ist nicht zul\\u00e4ssig&quot;,&quot;err_recaptcha_keys&quot;:&quot;reCAPTCHA-Schl\\u00fcssel sind fehlerhaft&quot;}}'><\/div><\/form><\/div><\/div><\/div><\/div><\/div><\/section>\n","protected":false},"excerpt":{"rendered":"Kontakt Oberrheinische Medien GmbH Marktplatz 7, 79206 Breisach Telefon: 07667 4458888 Telefax: 07667 4458889 E-Mail: info@samstagsknaller.de Bitte f\u00fcllen Sie dieses Feld aus. Bitte gib eine g\u00fcltige E-Mail-Adresse ein. Bitte f\u00fcllen Sie dieses Feld aus. Bitte f\u00fcllen Sie dieses Feld aus. Bitte f\u00fcllen Sie dieses Feld aus. 23 + 14 = ? Bitte geben Sie das...","protected":false},"author":2,"featured_media":0,"parent":0,"menu_order":0,"comment_status":"closed","ping_status":"closed","template":"","meta":{"inline_featured_image":false,"footnotes":""},"class_list":["post-8875","page","type-page","status-publish","hentry"],"yoast_head":"<!-- This site is optimized with the Yoast SEO plugin v27.3 - https:\/\/yoast.com\/product\/yoast-seo-wordpress\/ -->\n<title>Kontakt - Freiburgs - Samstagsknaller<\/title>\n<meta name=\"robots\" content=\"index, follow, max-snippet:-1, max-image-preview:large, max-video-preview:-1\" \/>\n<link rel=\"canonical\" href=\"https:\/\/freiburg.samstagsknaller.de\/index.php\/kontakt\/\" \/>\n<meta property=\"og:locale\" content=\"de_DE\" \/>\n<meta property=\"og:type\" content=\"article\" \/>\n<meta property=\"og:title\" content=\"Kontakt - Freiburgs - Samstagsknaller\" \/>\n<meta property=\"og:url\" content=\"https:\/\/freiburg.samstagsknaller.de\/index.php\/kontakt\/\" \/>\n<meta property=\"og:site_name\" content=\"Freiburgs - Samstagsknaller\" \/>\n<meta property=\"article:modified_time\" content=\"2020-09-25T17:21:33+00:00\" \/>\n<meta name=\"twitter:card\" content=\"summary_large_image\" \/>\n<meta name=\"twitter:label1\" content=\"Gesch\u00e4tzte Lesezeit\" \/>\n\t<meta name=\"twitter:data1\" content=\"1\u00a0Minute\" \/>\n<script type=\"application\/ld+json\" class=\"yoast-schema-graph\">{\"@context\":\"https:\\\/\\\/schema.org\",\"@graph\":[{\"@type\":\"WebPage\",\"@id\":\"https:\\\/\\\/freiburg.samstagsknaller.de\\\/index.php\\\/kontakt\\\/\",\"url\":\"https:\\\/\\\/freiburg.samstagsknaller.de\\\/index.php\\\/kontakt\\\/\",\"name\":\"Kontakt - Freiburgs - Samstagsknaller\",\"isPartOf\":{\"@id\":\"https:\\\/\\\/freiburg.samstagsknaller.de\\\/#website\"},\"datePublished\":\"2020-01-27T14:12:07+00:00\",\"dateModified\":\"2020-09-25T17:21:33+00:00\",\"breadcrumb\":{\"@id\":\"https:\\\/\\\/freiburg.samstagsknaller.de\\\/index.php\\\/kontakt\\\/#breadcrumb\"},\"inLanguage\":\"de\",\"potentialAction\":[{\"@type\":\"ReadAction\",\"target\":[\"https:\\\/\\\/freiburg.samstagsknaller.de\\\/index.php\\\/kontakt\\\/\"]}]},{\"@type\":\"BreadcrumbList\",\"@id\":\"https:\\\/\\\/freiburg.samstagsknaller.de\\\/index.php\\\/kontakt\\\/#breadcrumb\",\"itemListElement\":[{\"@type\":\"ListItem\",\"position\":1,\"name\":\"Startseite\",\"item\":\"https:\\\/\\\/freiburg.samstagsknaller.de\\\/\"},{\"@type\":\"ListItem\",\"position\":2,\"name\":\"Kontakt\"}]},{\"@type\":\"WebSite\",\"@id\":\"https:\\\/\\\/freiburg.samstagsknaller.de\\\/#website\",\"url\":\"https:\\\/\\\/freiburg.samstagsknaller.de\\\/\",\"name\":\"Freiburgs - Samstagsknaller\",\"description\":\"\",\"potentialAction\":[{\"@type\":\"SearchAction\",\"target\":{\"@type\":\"EntryPoint\",\"urlTemplate\":\"https:\\\/\\\/freiburg.samstagsknaller.de\\\/?s={search_term_string}\"},\"query-input\":{\"@type\":\"PropertyValueSpecification\",\"valueRequired\":true,\"valueName\":\"search_term_string\"}}],\"inLanguage\":\"de\"}]}<\/script>\n<!-- \/ Yoast SEO plugin. -->","yoast_head_json":{"title":"Kontakt - Freiburgs - Samstagsknaller","robots":{"index":"index","follow":"follow","max-snippet":"max-snippet:-1","max-image-preview":"max-image-preview:large","max-video-preview":"max-video-preview:-1"},"canonical":"https:\/\/freiburg.samstagsknaller.de\/index.php\/kontakt\/","og_locale":"de_DE","og_type":"article","og_title":"Kontakt - Freiburgs - Samstagsknaller","og_url":"https:\/\/freiburg.samstagsknaller.de\/index.php\/kontakt\/","og_site_name":"Freiburgs - Samstagsknaller","article_modified_time":"2020-09-25T17:21:33+00:00","twitter_card":"summary_large_image","twitter_misc":{"Gesch\u00e4tzte Lesezeit":"1\u00a0Minute"},"schema":{"@context":"https:\/\/schema.org","@graph":[{"@type":"WebPage","@id":"https:\/\/freiburg.samstagsknaller.de\/index.php\/kontakt\/","url":"https:\/\/freiburg.samstagsknaller.de\/index.php\/kontakt\/","name":"Kontakt - Freiburgs - Samstagsknaller","isPartOf":{"@id":"https:\/\/freiburg.samstagsknaller.de\/#website"},"datePublished":"2020-01-27T14:12:07+00:00","dateModified":"2020-09-25T17:21:33+00:00","breadcrumb":{"@id":"https:\/\/freiburg.samstagsknaller.de\/index.php\/kontakt\/#breadcrumb"},"inLanguage":"de","potentialAction":[{"@type":"ReadAction","target":["https:\/\/freiburg.samstagsknaller.de\/index.php\/kontakt\/"]}]},{"@type":"BreadcrumbList","@id":"https:\/\/freiburg.samstagsknaller.de\/index.php\/kontakt\/#breadcrumb","itemListElement":[{"@type":"ListItem","position":1,"name":"Startseite","item":"https:\/\/freiburg.samstagsknaller.de\/"},{"@type":"ListItem","position":2,"name":"Kontakt"}]},{"@type":"WebSite","@id":"https:\/\/freiburg.samstagsknaller.de\/#website","url":"https:\/\/freiburg.samstagsknaller.de\/","name":"Freiburgs - Samstagsknaller","description":"","potentialAction":[{"@type":"SearchAction","target":{"@type":"EntryPoint","urlTemplate":"https:\/\/freiburg.samstagsknaller.de\/?s={search_term_string}"},"query-input":{"@type":"PropertyValueSpecification","valueRequired":true,"valueName":"search_term_string"}}],"inLanguage":"de"}]}},"_links":{"self":[{"href":"https:\/\/freiburg.samstagsknaller.de\/index.php\/wp-json\/wp\/v2\/pages\/8875","targetHints":{"allow":["GET"]}}],"collection":[{"href":"https:\/\/freiburg.samstagsknaller.de\/index.php\/wp-json\/wp\/v2\/pages"}],"about":[{"href":"https:\/\/freiburg.samstagsknaller.de\/index.php\/wp-json\/wp\/v2\/types\/page"}],"author":[{"embeddable":true,"href":"https:\/\/freiburg.samstagsknaller.de\/index.php\/wp-json\/wp\/v2\/users\/2"}],"replies":[{"embeddable":true,"href":"https:\/\/freiburg.samstagsknaller.de\/index.php\/wp-json\/wp\/v2\/comments?post=8875"}],"version-history":[{"count":2,"href":"https:\/\/freiburg.samstagsknaller.de\/index.php\/wp-json\/wp\/v2\/pages\/8875\/revisions"}],"predecessor-version":[{"id":9318,"href":"https:\/\/freiburg.samstagsknaller.de\/index.php\/wp-json\/wp\/v2\/pages\/8875\/revisions\/9318"}],"wp:attachment":[{"href":"https:\/\/freiburg.samstagsknaller.de\/index.php\/wp-json\/wp\/v2\/media?parent=8875"}],"curies":[{"name":"wp","href":"https:\/\/api.w.org\/{rel}","templated":true}]}}