{"id":9139,"date":"2020-05-18T09:13:23","date_gmt":"2020-05-18T09:13:23","guid":{"rendered":"https:\/\/breisach.samstagsknaller.de\/?page_id=9139"},"modified":"2020-05-18T09:13:23","modified_gmt":"2020-05-18T09:13:23","slug":"magazin","status":"publish","type":"page","link":"https:\/\/freiburg.samstagsknaller.de\/index.php\/magazin\/","title":{"rendered":"Magazin"},"content":{"rendered":"<section class=\"l-section wpb_row height_large with_img parallax_ver\"><div class=\"l-section-img\" role=\"img\" aria-label=\"Bild\" data-img-width=\"1920\" data-img-height=\"1280\" style=\"background-image: url(https:\/\/freiburg.samstagsknaller.de\/wp-content\/uploads\/2020\/01\/SamstagsKnallerBreisach-BG.jpg);\"><\/div><div class=\"l-section-h i-cf\"><div class=\"g-cols vc_row via_flex valign_top type_default stacking_default\"><div class=\"vc_col-sm-12 wpb_column vc_column_container has_text_color us_animate_afc\"><div class=\"vc_column-inner us_custom_5e465b5e\"><div class=\"wpb_wrapper\"><div class=\"wpb_text_column\"><div class=\"wpb_wrapper\"><h1 style=\"text-align: center;\">Echo Magazin<\/h1>\n<\/div><\/div><\/div><\/div><\/div><\/div><\/div><\/section><section class=\"l-section wpb_row height_huge\"><div class=\"l-section-h i-cf\"><div class=\"g-cols vc_row via_flex valign_top type_default stacking_default\"><div class=\"vc_col-sm-6 wpb_column vc_column_container has_bg_color stretched\"><div class=\"vc_column-inner us_custom_7f07c643\"><div class=\"wpb_wrapper\"><\/div><\/div><\/div><div class=\"vc_col-sm-6 wpb_column vc_column_container\"><div class=\"vc_column-inner\"><div class=\"wpb_wrapper\"><div class=\"w-separator size_medium\"><\/div><div class=\"wpb_text_column\"><div class=\"wpb_wrapper\"><h2>Das Magazin aus dem Breisgau f\u00fcr Freunde unserer Region \u2013<\/h2>\n<\/div><\/div><div class=\"w-separator size_medium\"><\/div><div class=\"wpb_text_column\"><div class=\"wpb_wrapper\"><p><strong>Das <em>Echo Magazin<\/em> hat es sich zur Aufgabe gemacht, die ganze Vielfalt der wohl sch\u00f6nsten Region Deutschlands zu pr\u00e4sentieren. Nat\u00fcrlich sind der Kaiserstuhl und Tuniberg die erste Adresse Badens, wenn es um die besten Weine des deutsches S\u00fcdwestens, eine hervorragende Gastronomie, zahlreiche urige und charmante Ortschaften und eine gut ausgebaute Infrastruktur.<\/strong><\/p>\n<p>Aber das ist nicht alles: Die Region Kaiserstuhl-Tuniberg ist eine echte BOOM-Region. Die Kommunen entwickeln sich kontinuierlich, der Standort direkt an Frankreich gilt auch f\u00fcr viele Unternehmen unterschiedlicher Branchen als ideal. Das <strong><em>Echo Magazin<\/em><\/strong> ist deshalb ein ganz spezielles Angebot f\u00fcr Handel und Gewerbe in der Region, in einem qualitativ hochwertigen Umfeld ihre Kunden anzusprechen.<\/p>\n<p>Zudem m\u00f6chten wir, das <em><strong>Echo Magazin<\/strong><\/em> mit Ihnen gemeinsam die badischen Momente auskosten. Die Augenblicke festhalten, die unsere Region so einzigartig macht. Ein Echo funktioniert allerdings nur dann, wenn man ihm\u00a0 genug Worte zuruft. Also lassen Sie uns an ihren Geschichten und Interessen teilhaben. Alles, was Sie in der Region spannendes erlebt haben oder wor\u00fcber Sie gerne informiert werden m\u00f6chten.<\/p>\n<\/div><\/div><\/div><\/div><\/div><\/div><\/div><\/section><section class=\"l-section wpb_row height_small\"><div class=\"l-section-h i-cf\"><div class=\"g-cols vc_row via_flex valign_top type_default stacking_default\"><div class=\"vc_col-sm-12 wpb_column vc_column_container\"><div class=\"vc_column-inner\"><div class=\"wpb_wrapper\"><div class=\"w-grid us_grid type_grid layout_8889 cols_3 preload_style_spinner ratio_4x3\" id=\"us_grid_1\" style=\"--columns:3;--gap:20px;--item-ratio:0.75;\" data-filterable=\"true\"><style>@media (max-width:1024px){#us_grid_1{--columns:2!important}}@media (max-width:600px){#us_grid_1{--columns:1!important}}@media (min-width:1024px){#us_grid_1 .w-post-elm.post_title{font-size:1.8rem!important}}.layout_8889 .w-grid-item-h{background:#ffffff;color:#1a1a1a;border-radius:0.3rem;box-shadow:0 0.1rem 0.2rem rgba(0,0,0,0.1),0 0.33rem 1rem rgba(0,0,0,0.1);transition-duration:0.3s}.layout_8889 .usg_vwrapper_1{padding:5% 0px 0px 0px!important}.layout_8889 .usg_post_taxonomy_1{font-weight:700!important;text-transform:uppercase!important;font-size:10px!important;position:absolute!important;top:1.2rem!important;right:1.2rem!important;left:1.2rem!important}.layout_8889 .usg_vwrapper_2{margin-top:5%!important}.layout_8889 .usg_post_title_2{font-weight:700!important;font-size:2.5rem!important}<\/style><div class=\"w-grid-list\">\t<article class=\"w-grid-item size_1x1 post-9152 post type-post status-publish format-standard has-post-thumbnail hentry category-magazin\" data-id=\"9152\">\r\n\t\t<div class=\"w-grid-item-h\">\r\n\t\t\t\t\t\t<div class=\"w-post-elm post_image usg_post_image_1 stretched\"><img loading=\"lazy\" decoding=\"async\" width=\"1024\" height=\"576\" src=\"https:\/\/freiburg.samstagsknaller.de\/wp-content\/uploads\/2020\/01\/MockUp_Web-1024x576.jpg\" class=\"attachment-large size-large wp-post-image\" alt=\"\" srcset=\"https:\/\/freiburg.samstagsknaller.de\/wp-content\/uploads\/2020\/01\/MockUp_Web-1024x576.jpg 1024w, https:\/\/freiburg.samstagsknaller.de\/wp-content\/uploads\/2020\/01\/MockUp_Web-300x169.jpg 300w, https:\/\/freiburg.samstagsknaller.de\/wp-content\/uploads\/2020\/01\/MockUp_Web-600x338.jpg 600w, https:\/\/freiburg.samstagsknaller.de\/wp-content\/uploads\/2020\/01\/MockUp_Web.jpg 1920w\" sizes=\"auto, (max-width: 1024px) 100vw, 1024px\" \/><\/div><div class=\"w-post-elm post_taxonomy usg_post_taxonomy_1 style_badge color_link_inherit\"><span class=\"w-btn us-btn-style_badge term-4 term-magazin\"><span class=\"w-btn-label\">Magazin<\/span><\/span><\/div><div class=\"w-vwrapper usg_vwrapper_2 align_center valign_middle\"><h1 class=\"w-post-elm post_title usg_post_title_2 align_center entry-title\">1 Abo \u2013 4 Magazine<\/h1><\/div><div class=\"w-vwrapper usg_vwrapper_1 align_left valign_top\"><div class=\"w-post-elm post_content usg_post_content_1\"><section class=\"l-section wpb_row height_auto\"><div class=\"l-section-h i-cf\"><div class=\"g-cols vc_row via_flex valign_top type_default stacking_default\"><div class=\"vc_col-sm-12 wpb_column vc_column_container has-link\"><div class=\"vc_column-inner\"><div class=\"wpb_wrapper\"><div class=\"w-separator size_small with_line width_default thick_1 style_solid color_text align_center\"><div class=\"w-separator-h\"><\/div><\/div><div class=\"wpb_text_column\"><div class=\"wpb_wrapper\"><p>Auch als Geschenk geeignet. F\u00fcr Ihre Liebsten und Freunde unserer wunderbaren Region.<\/p>\n<\/div><\/div><div class=\"w-separator size_small with_line width_default thick_1 style_solid color_text align_center\"><div class=\"w-separator-h\"><\/div><\/div><div class=\"wpb_text_column\"><div class=\"wpb_wrapper\"><p><b>Oberrheinische Medien GmbH<\/b><\/p>\n<\/div><\/div><div class=\"w-separator size_small with_line width_default thick_1 style_solid color_text align_center\"><div class=\"w-separator-h\"><\/div><\/div><div class=\"wpb_text_column us_custom_f2c1585b has_text_color\"><div class=\"wpb_wrapper\"><h1 style=\"text-align: right;\"><span style=\"color: #5fa523;\"><strong>14,90 \u20ac<\/strong><\/span><\/h1>\n<\/div><\/div><div class=\"wpb_text_column\"><div class=\"wpb_wrapper\"><p style=\"text-align: right;\">F\u00fcr 4 Magazine verteilt \u00fcber ein Jahr.<\/p>\n<\/div><\/div><div class=\"w-separator size_small\"><\/div><\/div><\/div><a title=\"Bestellen Sie das Echo Magazin\" target=\" _blank\" rel=\"nofollow\" href=\"https:\/\/echo-magazin.de\/\" class=\"vc_column-link smooth-scroll\"><\/a><\/div><\/div><\/div><\/section><section class=\"l-section wpb_row height_small\"><div class=\"l-section-overlay\" style=\"background:#999999\"><\/div><div class=\"l-section-h i-cf\"><div class=\"g-cols vc_row via_flex valign_top type_default stacking_default\"><div class=\"vc_col-sm-12 wpb_column vc_column_container has_text_color\"><div class=\"vc_column-inner us_custom_6df4bc3a\"><div class=\"wpb_wrapper\"><div class=\"wpb_text_column us_custom_6df4bc3a text-code has_text_color\"><div class=\"wpb_wrapper\"><h2 style=\"text-align: center;\"><a href=\"https:\/\/echo-magazin.de\/\" target=\"_blank\" rel=\"noopener noreferrer\"><span style=\"color: #ffffff;\">Bestellen<\/span><\/a><\/h2>\n<\/div><\/div><\/div><\/div><\/div><\/div><\/div><\/section>\n<\/div><\/div>\t\t<\/div>\r\n\t\t\t<\/article>\r\n<\/div><style id=\"grid-post-content-css\">.us_custom_f2c1585b{color:#60a623!important;text-align:right!important;font-size:50px!important}.us_custom_6df4bc3a{color:#ffffff!important}<\/style>\t<div class=\"w-grid-preloader\">\r\n\t\t<div class=\"g-preloader type_1\">\r\n\t\t\t<div><\/div>\r\n\t\t<\/div>\r\n\t<\/div>\r\n\t\t<div class=\"w-grid-json hidden\" onclick='return {&quot;action&quot;:&quot;us_ajax_grid&quot;,&quot;infinite_scroll&quot;:0,&quot;max_num_pages&quot;:1,&quot;pagination&quot;:&quot;none&quot;,&quot;template_vars&quot;:{&quot;columns&quot;:&quot;3&quot;,&quot;exclude_items&quot;:&quot;none&quot;,&quot;img_size&quot;:&quot;default&quot;,&quot;ignore_items_size&quot;:0,&quot;items_layout&quot;:&quot;8889&quot;,&quot;items_offset&quot;:&quot;1&quot;,&quot;load_animation&quot;:&quot;none&quot;,&quot;overriding_link&quot;:&quot;{\\&quot;url\\&quot;:\\&quot;\\&quot;}&quot;,&quot;post_id&quot;:0,&quot;query_args&quot;:{&quot;post_type&quot;:[&quot;post&quot;],&quot;tax_query&quot;:[{&quot;taxonomy&quot;:&quot;category&quot;,&quot;field&quot;:&quot;slug&quot;,&quot;terms&quot;:[&quot;magazin&quot;]}],&quot;post_status&quot;:[&quot;publish&quot;],&quot;ignore_sticky_posts&quot;:1,&quot;posts_per_page&quot;:&quot;1&quot;},&quot;orderby_query_args&quot;:{&quot;orderby&quot;:{&quot;date&quot;:&quot;DESC&quot;}},&quot;type&quot;:&quot;grid&quot;,&quot;us_grid_post_type&quot;:&quot;post&quot;,&quot;us_grid_ajax_index&quot;:1,&quot;us_grid_filter_query_string&quot;:null,&quot;us_grid_index&quot;:1,&quot;page_args&quot;:[]}}'><\/div>\r\n\t<\/div><div class=\"w-separator size_huge\"><\/div><\/div><\/div><\/div><\/div><\/div><\/section>\n","protected":false},"excerpt":{"rendered":"Auch als Geschenk geeignet. F\u00fcr Ihre Liebsten und Freunde unserer wunderbaren Region. Oberrheinische Medien GmbH 14,90 \u20ac F\u00fcr 4 Magazine verteilt \u00fcber ein Jahr. Bestellen","protected":false},"author":2,"featured_media":0,"parent":0,"menu_order":0,"comment_status":"closed","ping_status":"closed","template":"","meta":{"inline_featured_image":false,"footnotes":""},"class_list":["post-9139","page","type-page","status-publish","hentry"],"yoast_head":"<!-- This site is optimized with the Yoast SEO plugin v27.3 - https:\/\/yoast.com\/product\/yoast-seo-wordpress\/ -->\n<title>Magazin - Freiburgs - Samstagsknaller<\/title>\n<meta name=\"robots\" content=\"index, follow, max-snippet:-1, max-image-preview:large, max-video-preview:-1\" \/>\n<link rel=\"canonical\" href=\"https:\/\/freiburg.samstagsknaller.de\/index.php\/magazin\/\" \/>\n<meta property=\"og:locale\" content=\"de_DE\" \/>\n<meta property=\"og:type\" content=\"article\" \/>\n<meta property=\"og:title\" content=\"Magazin - Freiburgs - Samstagsknaller\" \/>\n<meta property=\"og:url\" content=\"https:\/\/freiburg.samstagsknaller.de\/index.php\/magazin\/\" \/>\n<meta property=\"og:site_name\" content=\"Freiburgs - Samstagsknaller\" \/>\n<meta name=\"twitter:card\" content=\"summary_large_image\" \/>\n<meta name=\"twitter:label1\" content=\"Gesch\u00e4tzte Lesezeit\" \/>\n\t<meta name=\"twitter:data1\" content=\"2\u00a0Minuten\" \/>\n<script type=\"application\/ld+json\" class=\"yoast-schema-graph\">{\"@context\":\"https:\\\/\\\/schema.org\",\"@graph\":[{\"@type\":\"WebPage\",\"@id\":\"https:\\\/\\\/freiburg.samstagsknaller.de\\\/index.php\\\/magazin\\\/\",\"url\":\"https:\\\/\\\/freiburg.samstagsknaller.de\\\/index.php\\\/magazin\\\/\",\"name\":\"Magazin - Freiburgs - Samstagsknaller\",\"isPartOf\":{\"@id\":\"https:\\\/\\\/freiburg.samstagsknaller.de\\\/#website\"},\"datePublished\":\"2020-05-18T09:13:23+00:00\",\"breadcrumb\":{\"@id\":\"https:\\\/\\\/freiburg.samstagsknaller.de\\\/index.php\\\/magazin\\\/#breadcrumb\"},\"inLanguage\":\"de\",\"potentialAction\":[{\"@type\":\"ReadAction\",\"target\":[\"https:\\\/\\\/freiburg.samstagsknaller.de\\\/index.php\\\/magazin\\\/\"]}]},{\"@type\":\"BreadcrumbList\",\"@id\":\"https:\\\/\\\/freiburg.samstagsknaller.de\\\/index.php\\\/magazin\\\/#breadcrumb\",\"itemListElement\":[{\"@type\":\"ListItem\",\"position\":1,\"name\":\"Startseite\",\"item\":\"https:\\\/\\\/freiburg.samstagsknaller.de\\\/\"},{\"@type\":\"ListItem\",\"position\":2,\"name\":\"Magazin\"}]},{\"@type\":\"WebSite\",\"@id\":\"https:\\\/\\\/freiburg.samstagsknaller.de\\\/#website\",\"url\":\"https:\\\/\\\/freiburg.samstagsknaller.de\\\/\",\"name\":\"Freiburgs - Samstagsknaller\",\"description\":\"\",\"potentialAction\":[{\"@type\":\"SearchAction\",\"target\":{\"@type\":\"EntryPoint\",\"urlTemplate\":\"https:\\\/\\\/freiburg.samstagsknaller.de\\\/?s={search_term_string}\"},\"query-input\":{\"@type\":\"PropertyValueSpecification\",\"valueRequired\":true,\"valueName\":\"search_term_string\"}}],\"inLanguage\":\"de\"}]}<\/script>\n<!-- \/ Yoast SEO plugin. -->","yoast_head_json":{"title":"Magazin - Freiburgs - Samstagsknaller","robots":{"index":"index","follow":"follow","max-snippet":"max-snippet:-1","max-image-preview":"max-image-preview:large","max-video-preview":"max-video-preview:-1"},"canonical":"https:\/\/freiburg.samstagsknaller.de\/index.php\/magazin\/","og_locale":"de_DE","og_type":"article","og_title":"Magazin - Freiburgs - Samstagsknaller","og_url":"https:\/\/freiburg.samstagsknaller.de\/index.php\/magazin\/","og_site_name":"Freiburgs - Samstagsknaller","twitter_card":"summary_large_image","twitter_misc":{"Gesch\u00e4tzte Lesezeit":"2\u00a0Minuten"},"schema":{"@context":"https:\/\/schema.org","@graph":[{"@type":"WebPage","@id":"https:\/\/freiburg.samstagsknaller.de\/index.php\/magazin\/","url":"https:\/\/freiburg.samstagsknaller.de\/index.php\/magazin\/","name":"Magazin - Freiburgs - Samstagsknaller","isPartOf":{"@id":"https:\/\/freiburg.samstagsknaller.de\/#website"},"datePublished":"2020-05-18T09:13:23+00:00","breadcrumb":{"@id":"https:\/\/freiburg.samstagsknaller.de\/index.php\/magazin\/#breadcrumb"},"inLanguage":"de","potentialAction":[{"@type":"ReadAction","target":["https:\/\/freiburg.samstagsknaller.de\/index.php\/magazin\/"]}]},{"@type":"BreadcrumbList","@id":"https:\/\/freiburg.samstagsknaller.de\/index.php\/magazin\/#breadcrumb","itemListElement":[{"@type":"ListItem","position":1,"name":"Startseite","item":"https:\/\/freiburg.samstagsknaller.de\/"},{"@type":"ListItem","position":2,"name":"Magazin"}]},{"@type":"WebSite","@id":"https:\/\/freiburg.samstagsknaller.de\/#website","url":"https:\/\/freiburg.samstagsknaller.de\/","name":"Freiburgs - Samstagsknaller","description":"","potentialAction":[{"@type":"SearchAction","target":{"@type":"EntryPoint","urlTemplate":"https:\/\/freiburg.samstagsknaller.de\/?s={search_term_string}"},"query-input":{"@type":"PropertyValueSpecification","valueRequired":true,"valueName":"search_term_string"}}],"inLanguage":"de"}]}},"_links":{"self":[{"href":"https:\/\/freiburg.samstagsknaller.de\/index.php\/wp-json\/wp\/v2\/pages\/9139","targetHints":{"allow":["GET"]}}],"collection":[{"href":"https:\/\/freiburg.samstagsknaller.de\/index.php\/wp-json\/wp\/v2\/pages"}],"about":[{"href":"https:\/\/freiburg.samstagsknaller.de\/index.php\/wp-json\/wp\/v2\/types\/page"}],"author":[{"embeddable":true,"href":"https:\/\/freiburg.samstagsknaller.de\/index.php\/wp-json\/wp\/v2\/users\/2"}],"replies":[{"embeddable":true,"href":"https:\/\/freiburg.samstagsknaller.de\/index.php\/wp-json\/wp\/v2\/comments?post=9139"}],"version-history":[{"count":0,"href":"https:\/\/freiburg.samstagsknaller.de\/index.php\/wp-json\/wp\/v2\/pages\/9139\/revisions"}],"wp:attachment":[{"href":"https:\/\/freiburg.samstagsknaller.de\/index.php\/wp-json\/wp\/v2\/media?parent=9139"}],"curies":[{"name":"wp","href":"https:\/\/api.w.org\/{rel}","templated":true}]}}