{"id":9282,"date":"2020-07-10T07:41:37","date_gmt":"2020-07-10T07:41:37","guid":{"rendered":"https:\/\/freiburg.samstagsknaller.de\/?page_id=9282"},"modified":"2020-07-30T09:46:39","modified_gmt":"2020-07-30T09:46:39","slug":"allgemeine-geschaeftsbedingungen","status":"publish","type":"page","link":"https:\/\/freiburg.samstagsknaller.de\/index.php\/allgemeine-geschaeftsbedingungen\/","title":{"rendered":"AGB"},"content":{"rendered":"<section class=\"l-section wpb_row height_large with_img parallax_ver\"><div class=\"l-section-img\" role=\"img\" aria-label=\"Bild\" data-img-width=\"1920\" data-img-height=\"1280\" style=\"background-image: url(https:\/\/freiburg.samstagsknaller.de\/wp-content\/uploads\/2020\/01\/SamstagsKnallerBreisach-BG.jpg);\"><\/div><div class=\"l-section-h i-cf\"><div class=\"g-cols vc_row via_flex valign_top type_default stacking_default\"><div class=\"vc_col-sm-12 wpb_column vc_column_container has_text_color us_animate_afc\"><div class=\"vc_column-inner us_custom_5e465b5e\"><div class=\"wpb_wrapper\"><div class=\"wpb_text_column\"><div class=\"wpb_wrapper\"><h1 style=\"text-align: center;\">Allgemeine Gesch\u00e4ftsbedingungen<\/h1>\n<\/div><\/div><\/div><\/div><\/div><\/div><\/div><\/section><section class=\"l-section wpb_row height_small\"><div class=\"l-section-h i-cf\"><div class=\"g-cols vc_row via_flex valign_top type_default stacking_default\"><div class=\"vc_col-sm-12 wpb_column vc_column_container\"><div class=\"vc_column-inner\"><div class=\"wpb_wrapper\"><div class=\"w-separator size_large\"><\/div><div class=\"wpb_text_column\"><div class=\"wpb_wrapper\"><h3>Allgemeine Gesch\u00e4ftsbedingungen Oberrheinische Medien GmbH (ORM)<\/h3>\n<p><strong>1. Geltung<\/strong><br \/>\n(1) Diese AGB der Oberrheinische Medien GmbH, Breisach (im Folgenden: ORM) gelten f\u00fcr alle Anzeigen-, Beilagen-, Online- und Auftr\u00e4ge bzgl. sonstiger Werbemittel bzw. -leistungen. Sie werden erg\u00e4nzt durch die jeweils aktuellen Preislisten und Mediadaten.<br \/>\n(2) AGB des Kunden sind, sofern nicht ausdr\u00fccklich akzeptiert, unverbindlich.<\/p>\n<p><strong>2. Vertragsschluss<\/strong><br \/>\nAuftr\u00e4ge k\u00f6nnen telefonisch, schriftlich, per E-Mail oder Fax aufgegeben werden. Der Vertrag kommt mit der Annahme seitens ORM durch Auftragsbest\u00e4tigung, Vorlage zur Druckfreigabe oder Rechnungsstellung zustande.<\/p>\n<p><strong>3. Ablehnung von Auftr\u00e4gen<\/strong><br \/>\n(1) Bei einem Abschluss \u00fcber mehrere Ver\u00f6ffentlichungen, zu denen die Texte nachtr\u00e4glich eingereicht werden, kann ORM die Durchf\u00fchrung eines einzelnen Auftrags wegen Bedenken gegen Text oder Form oder wegen Unvereinbarkeit mit anderer Werbung ablehnen bzw. zeitlich verschieben, ohne dass hierdurch der Gesamtabschluss ber\u00fchrt wird.<br \/>\n(2) ORM beh\u00e4lt sich vor, Auftr\u00e4ge \u2013 auch einzelne Abrufe im Rahmen eines Abschlusses \u2013 wegen ihres Inhalts, der Herkunft oder technischen Form nach sachgem\u00e4\u00dfem Ermessen abzulehnen (bzw. bis zu einer Korrektur zur\u00fcckzustellen), insbesondere. wenn der Inhalt gegen Gesetz bzw. beh\u00f6rdliche Bestimmungen verst\u00f6\u00dft oder eine Ver\u00f6ffentlichung aus anderen Gr\u00fcnden f\u00fcr ORM unzumutbar ist.<br \/>\n(3) Dies gilt auch f\u00fcr Auftr\u00e4ge, die bei Vertretern aufgegeben werden. Die Ablehnung eines Auftrags wird dem Auftraggeber unverz\u00fcglich mitgeteilt.<\/p>\n<p><strong>4. Kein Widerrufsrecht<\/strong><br \/>\nEin Widerrufsrecht besteht auch bei Auftr\u00e4gen durch Verbraucher im Fernabsatz nicht (\u00a7 312g II Nr. 1 BGB).<\/p>\n<p><strong>5. Gestaltung<\/strong><br \/>\nEnth\u00e4lt der Auftrag keine Vorgaben \u00fcber die H\u00f6he, Breite und Farbigkeit einer Anzeige, so wird entsprechend dem mutma\u00dflichen Willen des Auftraggebers verfahren. In diesem Falle wird der Preisberechnung die tats\u00e4chliche Abdruck- bzw. Ver\u00f6ffentlichungsgr\u00f6\u00dfe (auch Online) zugrunde gelegt.<\/p>\n<p><strong>6. Realisierung<\/strong><br \/>\n(1) Auftr\u00e4ge werden realisiert, sobald die Druckunterlagen bzw. Prospekte verf\u00fcgbar oder alle Voraussetzungen erf\u00fcllt sind.<br \/>\n(2) Anspruch auf Ver\u00f6ffentlichung zu einem bestimmten Datum, Platzierung oder Beilage besteht nur bei ausdr\u00fccklicher Vereinbarung.<br \/>\n(3) Ein Konkurrenzausschluss kann nicht gew\u00e4hrt werden.<br \/>\n(4) Die elektronische Lesbarkeit von gedruckten QR-Codes wird nicht gew\u00e4hrleistet.<\/p>\n<p><strong>7. Lieferung von Daten und Vorlagen<\/strong><br \/>\n(1) Der Kunde ist verantwortlich f\u00fcr rechtzeitige Lieferung fehlerfreier Daten bzw. Druckunterlagen und Werbemittel. Auftr\u00e4ge k\u00f6nnen nur maschinell geschrieben, elektronisch \u00fcbermittelt oder in Druckschrift angenommen werden. ORM haftet nicht f\u00fcr \u00dcbermittlungsfehler, insbesondere. bei telefonischen oder handschriftlichen Anweisungen.<br \/>\n(2) Bei digital angelegten Druckunterlagen gew\u00e4hrleistet ORM die drucktechnisch einwandfreie Erf\u00fcllung des Auftrags nur, wenn vom Kunden alle technischen Voraussetzungen erf\u00fcllt wurden. Bei Anlieferung unvollst\u00e4ndiger oder fehlerhafter bzw. von der Vorlage abweichenden Druckdaten, \u00fcbernimmt ORM keine Haftung f\u00fcr das Druckergebnis. F\u00fcr Farbabweichungen besteht keine Gew\u00e4hr. ORM gew\u00e4hrleistet die \u00fcbliche Druckqualit\u00e4t im Rahmen der durch die Druckunterlagen gegebenen M\u00f6glichkeiten.<\/p>\n<p><strong>8. Nachtr\u00e4gliche \u00c4nderungen<\/strong><br \/>\n(1) Kosten f\u00fcr vom Kunden gew\u00fcnschte oder zu vertretende \u00c4nderungen der Daten, Druckvorlagen, Anzeigen, Online-Anzeigen etc. hat dieser zu tragen.<br \/>\n(2) Eine \u00fcberdurchschnittlich aufw\u00e4ndige Bearbeitung von \u00fcbersandten Daten und \u00fcberdurchschnittlich umfangreiche Satzarbeiten werden gesondert berechnet.<br \/>\n(3) Korrekturabz\u00fcge werden nur auf ausdr\u00fccklichen Wunsch des Auftraggebers geliefert. Sendet der Auftraggeber den ihm \u00fcbermittelten Korrekturabzug nicht innerhalb der ihm von ORM mitgeteilten Frist zur\u00fcck, so gilt der Korrekturabzug als zum Druck genehmigt. Kosten f\u00fcr erhebliche Korrekturen werden gesondert berechnet.<\/p>\n<p><strong>9. Leistung<\/strong><br \/>\nLeistungsfristen sind, soweit nicht anders vereinbart, keine Fixtermine. Vom Kunden zu vertretende Verz\u00f6gerungen k\u00f6nnen vereinbarte Termine verschieben.<\/p>\n<p><strong>10. Eigentumsvorbehal<\/strong>t<br \/>\nORM beh\u00e4lt sich das Eigentum an Liefergegenst\u00e4nden sowie ggf. zu \u00fcbertragende Nutzungsrechte bis zur vollst\u00e4ndigen Bezahlung vor.<\/p>\n<p><strong>11. Gewerbliche Online-Werbung (inkl. Samstagsknaller)<\/strong><br \/>\n(1) F\u00fcr gewerbliche Publikationen in Online-Medien gilt: Anzeigen werden im Online-Medium\/Plattform in einer dem \u00fcblichen technischen Standard entsprechenden Weise wiedergegeben. Eine jederzeitige und vollst\u00e4ndig fehlerfreie Wiedergabe der Anzeige kann ORM jedoch nach dem derzeitigen Stand der Technik nicht sicherstellen. Dies gilt insbesondere bei der Verwendung nicht g\u00e4ngiger Browser, \u00e4lterer Mobilger\u00e4te oder von Ad-Blockern.<br \/>\n(2) F\u00fcr Online-Inhalte ist eine Verf\u00fcgbarkeit von 97 % im Monatsmittel gew\u00e4hrleistet, soweit nicht anders vereinbart. F\u00fcr den Ausfall von Telekommunikations- oder Rechnernetzen ist ORM nicht verantwortlich.<br \/>\n(3) Bei einem Ausfall des Ad-Servers \u00fcber einen erheblichen Zeitraum, wird die ORM den Ver\u00f6ffentlichungszeitraum in Abstimmung mit dem Kunden entsprechend der Ausfallzeit verl\u00e4ngern. Entspricht die Verl\u00e4ngerung nicht dessen Interessen, wird die Verg\u00fctung anteilig reduziert. Weitere Anspr\u00fcche sind ausgeschlossen.<\/p>\n<p><strong>12. Beilagen<\/strong><br \/>\nBeilagen werden maschinell in Printmedien eingelegt. Der Kunde hat daf\u00fcr zu sorgen, dass diese sachgem\u00e4\u00df verpackt, unbesch\u00e4digt und genau gefalzt angeliefert werden. Die St\u00fcckzahl kann von ORM nicht \u00fcberpr\u00fcft werden. Unvollst\u00e4ndige oder unrichtige Angaben auf Fremdlieferscheinen k\u00f6nnen zu einer fehlerhaften Beilagenverbreitung f\u00fchren, f\u00fcr die ORM nicht haftet. Eine bestimmte Platzierung im Printmedium kann nicht zugesagt werden.<\/p>\n<p><strong>13. Zahlungsbedingungen<\/strong><br \/>\n(1) Rechnungen sind, wenn nicht anders vereinbart, binnen zehn Tagen f\u00e4llig. Bei Zahlungsverzug werden Verzugszinsen (\u00a7 288 BGB) berechnet. Weitergehende Anspr\u00fcche bleiben vorbehalten.<br \/>\n(2) Eine Aufrechnung steht dem Vertragspartner nur zu, wenn Gegenanspr\u00fcche rechtskr\u00e4ftig festgestellt, unbestritten oder von ORM anerkannt sind.<\/p>\n<p><strong>14. Stornierung<\/strong><br \/>\nAuftr\u00e4ge k\u00f6nnen vor dem Anzeigenschlusstermin oder Ver\u00f6ffentlichungs- bzw. Onlinestellungstermin storniert werden. Die Stornierung muss schriftlich oder in Textform erfolgen. Ist die Anzeige bereits in Druck gegeben oder (online) ver\u00f6ffentlicht, hat der Auftraggeber den Auftrag zu bezahlen. Ansonsten kann ORM die Erstattung der bis zur Stornierung angefallenen Kosten nach den gesetzlichen Vorschriften verlangen.<\/p>\n<p><strong>15. Mitwirkung des Kunden<\/strong><br \/>\nSoweit vereinbart oder erforderlich, hat der Kunde ORM in geeigneter Weise zu unterst\u00fctzen. Anzuliefernde Daten sind im von ORM ben\u00f6tigten Format zu \u00fcbersenden.<\/p>\n<p><strong>16. Inhaltsverantwortlichkeit<\/strong><br \/>\n(1) ORM ist zur Rechtsberatung weder berechtigt noch verpflichtet. Der Kunde ist f\u00fcr seine Anzeige selbst verantwortlich. Er hat zu pr\u00fcfen, ob diese (in seiner Branche) evtl. gegen das Straf-, Jugendschutz-, Urheber-, Marken-, Pers\u00f6nlichkeits-, Wettbewerbs-, Datenschutzrecht oder sonstige Gesetze versto\u00dfen kann.<br \/>\n(2) Soweit nicht anders vereinbart, \u00fcberpr\u00fcft ORM Inhalte nicht (auch nicht Orthografie, Interpunktion etc.).<br \/>\n(3) Soweit der Vertragspartner ORM rechtsverletzende Inhalte anliefert, hat er ORM von hieraus resultierenden Sch\u00e4den freizuhalten. Gleiches gilt, wenn er Inhalte elektronisch anliefert, die mit sch\u00e4dlichen Programmen infiziert sind.<\/p>\n<p><strong>17. Datenschutz<\/strong><br \/>\nDie Daten des Kunden werden von ORM zur Vertragsabwicklung gespeichert.<\/p>\n<p><strong>18. M\u00e4ngelgew\u00e4hrleistung<\/strong><br \/>\nORM haftet f\u00fcr M\u00e4ngel nach den gesetzlichen Bestimmungen.<\/p>\n<p><strong>19. Haftung<\/strong><br \/>\nSchadensersatzanspr\u00fcche von Nichtverbrauchern sind ausgeschlossen, soweit nicht vors\u00e4tzliches oder grob fahrl\u00e4ssiges Verhalten, die Verletzung einer vertragswesentlichen Pflicht oder des K\u00f6rpers bzw. der Gesundheit einer Person vorliegt. Gleiches gilt, soweit der Ersatz von mittelbaren oder Mangelfolgesch\u00e4den verlangt wird. Jede Haftung ist auf den bei Vertragsschluss vorhersehbaren und f\u00fcr solche F\u00e4lle typischen Schaden begrenzt. Die Haftung nach dem ProdHG bleibt unber\u00fchrt.<\/p>\n<p><strong>20. Textform<\/strong><br \/>\nGestaltende Erkl\u00e4rungen und Vertrags\u00e4nderungen bed\u00fcrfen der Textform.<\/p>\n<p><strong>21. Erf\u00fcllungsort, Gerichtsstand<\/strong><br \/>\nErf\u00fcllungsort f\u00fcr alle Verpflichtungen und Gerichtsstand f\u00fcr alle Streitigkeiten aus dem Vertragsverh\u00e4ltnis ist, soweit es sich beim Vertragspartner um einen Kaufmann oder eine juristische Person \u00f6ffentlichen Rechts handelt, Breisach.<\/p>\n<p><strong>22. Salvatorische Klausel<\/strong><br \/>\nSollte eine Klausel dieser AGB unwirksam sein, bleibt die Wirksamkeit im \u00dcbrigen unber\u00fchrt.<\/p>\n<\/div><\/div><div class=\"w-separator size_large\"><\/div><\/div><\/div><\/div><\/div><\/div><\/section>\n","protected":false},"excerpt":{"rendered":"Allgemeine Gesch\u00e4ftsbedingungen Allgemeine Gesch\u00e4ftsbedingungen Oberrheinische Medien GmbH (ORM) 1. Geltung (1) Diese AGB der Oberrheinische Medien GmbH, Breisach (im Folgenden: ORM) gelten f\u00fcr alle Anzeigen-, Beilagen-, Online- und Auftr\u00e4ge bzgl. sonstiger Werbemittel bzw. -leistungen. Sie werden erg\u00e4nzt durch die jeweils aktuellen Preislisten und Mediadaten. (2) AGB des Kunden sind, sofern nicht ausdr\u00fccklich akzeptiert, unverbindlich. 2....","protected":false},"author":2,"featured_media":0,"parent":0,"menu_order":0,"comment_status":"closed","ping_status":"closed","template":"","meta":{"inline_featured_image":false,"footnotes":""},"class_list":["post-9282","page","type-page","status-publish","hentry"],"yoast_head":"<!-- This site is optimized with the Yoast SEO plugin v27.3 - https:\/\/yoast.com\/product\/yoast-seo-wordpress\/ -->\n<title>AGB - Freiburgs - Samstagsknaller<\/title>\n<meta name=\"robots\" content=\"index, follow, max-snippet:-1, max-image-preview:large, max-video-preview:-1\" \/>\n<link rel=\"canonical\" href=\"https:\/\/freiburg.samstagsknaller.de\/index.php\/allgemeine-geschaeftsbedingungen\/\" \/>\n<meta property=\"og:locale\" content=\"de_DE\" \/>\n<meta property=\"og:type\" content=\"article\" \/>\n<meta property=\"og:title\" content=\"AGB - Freiburgs - Samstagsknaller\" \/>\n<meta property=\"og:url\" content=\"https:\/\/freiburg.samstagsknaller.de\/index.php\/allgemeine-geschaeftsbedingungen\/\" \/>\n<meta property=\"og:site_name\" content=\"Freiburgs - Samstagsknaller\" \/>\n<meta property=\"article:modified_time\" content=\"2020-07-30T09:46:39+00:00\" \/>\n<meta name=\"twitter:card\" content=\"summary_large_image\" \/>\n<meta name=\"twitter:label1\" content=\"Gesch\u00e4tzte Lesezeit\" \/>\n\t<meta name=\"twitter:data1\" content=\"6\u00a0Minuten\" \/>\n<script type=\"application\/ld+json\" class=\"yoast-schema-graph\">{\"@context\":\"https:\\\/\\\/schema.org\",\"@graph\":[{\"@type\":\"WebPage\",\"@id\":\"https:\\\/\\\/freiburg.samstagsknaller.de\\\/index.php\\\/allgemeine-geschaeftsbedingungen\\\/\",\"url\":\"https:\\\/\\\/freiburg.samstagsknaller.de\\\/index.php\\\/allgemeine-geschaeftsbedingungen\\\/\",\"name\":\"AGB - Freiburgs - Samstagsknaller\",\"isPartOf\":{\"@id\":\"https:\\\/\\\/freiburg.samstagsknaller.de\\\/#website\"},\"datePublished\":\"2020-07-10T07:41:37+00:00\",\"dateModified\":\"2020-07-30T09:46:39+00:00\",\"breadcrumb\":{\"@id\":\"https:\\\/\\\/freiburg.samstagsknaller.de\\\/index.php\\\/allgemeine-geschaeftsbedingungen\\\/#breadcrumb\"},\"inLanguage\":\"de\",\"potentialAction\":[{\"@type\":\"ReadAction\",\"target\":[\"https:\\\/\\\/freiburg.samstagsknaller.de\\\/index.php\\\/allgemeine-geschaeftsbedingungen\\\/\"]}]},{\"@type\":\"BreadcrumbList\",\"@id\":\"https:\\\/\\\/freiburg.samstagsknaller.de\\\/index.php\\\/allgemeine-geschaeftsbedingungen\\\/#breadcrumb\",\"itemListElement\":[{\"@type\":\"ListItem\",\"position\":1,\"name\":\"Startseite\",\"item\":\"https:\\\/\\\/freiburg.samstagsknaller.de\\\/\"},{\"@type\":\"ListItem\",\"position\":2,\"name\":\"AGB\"}]},{\"@type\":\"WebSite\",\"@id\":\"https:\\\/\\\/freiburg.samstagsknaller.de\\\/#website\",\"url\":\"https:\\\/\\\/freiburg.samstagsknaller.de\\\/\",\"name\":\"Freiburgs - Samstagsknaller\",\"description\":\"\",\"potentialAction\":[{\"@type\":\"SearchAction\",\"target\":{\"@type\":\"EntryPoint\",\"urlTemplate\":\"https:\\\/\\\/freiburg.samstagsknaller.de\\\/?s={search_term_string}\"},\"query-input\":{\"@type\":\"PropertyValueSpecification\",\"valueRequired\":true,\"valueName\":\"search_term_string\"}}],\"inLanguage\":\"de\"}]}<\/script>\n<!-- \/ Yoast SEO plugin. -->","yoast_head_json":{"title":"AGB - Freiburgs - Samstagsknaller","robots":{"index":"index","follow":"follow","max-snippet":"max-snippet:-1","max-image-preview":"max-image-preview:large","max-video-preview":"max-video-preview:-1"},"canonical":"https:\/\/freiburg.samstagsknaller.de\/index.php\/allgemeine-geschaeftsbedingungen\/","og_locale":"de_DE","og_type":"article","og_title":"AGB - Freiburgs - Samstagsknaller","og_url":"https:\/\/freiburg.samstagsknaller.de\/index.php\/allgemeine-geschaeftsbedingungen\/","og_site_name":"Freiburgs - Samstagsknaller","article_modified_time":"2020-07-30T09:46:39+00:00","twitter_card":"summary_large_image","twitter_misc":{"Gesch\u00e4tzte Lesezeit":"6\u00a0Minuten"},"schema":{"@context":"https:\/\/schema.org","@graph":[{"@type":"WebPage","@id":"https:\/\/freiburg.samstagsknaller.de\/index.php\/allgemeine-geschaeftsbedingungen\/","url":"https:\/\/freiburg.samstagsknaller.de\/index.php\/allgemeine-geschaeftsbedingungen\/","name":"AGB - Freiburgs - Samstagsknaller","isPartOf":{"@id":"https:\/\/freiburg.samstagsknaller.de\/#website"},"datePublished":"2020-07-10T07:41:37+00:00","dateModified":"2020-07-30T09:46:39+00:00","breadcrumb":{"@id":"https:\/\/freiburg.samstagsknaller.de\/index.php\/allgemeine-geschaeftsbedingungen\/#breadcrumb"},"inLanguage":"de","potentialAction":[{"@type":"ReadAction","target":["https:\/\/freiburg.samstagsknaller.de\/index.php\/allgemeine-geschaeftsbedingungen\/"]}]},{"@type":"BreadcrumbList","@id":"https:\/\/freiburg.samstagsknaller.de\/index.php\/allgemeine-geschaeftsbedingungen\/#breadcrumb","itemListElement":[{"@type":"ListItem","position":1,"name":"Startseite","item":"https:\/\/freiburg.samstagsknaller.de\/"},{"@type":"ListItem","position":2,"name":"AGB"}]},{"@type":"WebSite","@id":"https:\/\/freiburg.samstagsknaller.de\/#website","url":"https:\/\/freiburg.samstagsknaller.de\/","name":"Freiburgs - Samstagsknaller","description":"","potentialAction":[{"@type":"SearchAction","target":{"@type":"EntryPoint","urlTemplate":"https:\/\/freiburg.samstagsknaller.de\/?s={search_term_string}"},"query-input":{"@type":"PropertyValueSpecification","valueRequired":true,"valueName":"search_term_string"}}],"inLanguage":"de"}]}},"_links":{"self":[{"href":"https:\/\/freiburg.samstagsknaller.de\/index.php\/wp-json\/wp\/v2\/pages\/9282","targetHints":{"allow":["GET"]}}],"collection":[{"href":"https:\/\/freiburg.samstagsknaller.de\/index.php\/wp-json\/wp\/v2\/pages"}],"about":[{"href":"https:\/\/freiburg.samstagsknaller.de\/index.php\/wp-json\/wp\/v2\/types\/page"}],"author":[{"embeddable":true,"href":"https:\/\/freiburg.samstagsknaller.de\/index.php\/wp-json\/wp\/v2\/users\/2"}],"replies":[{"embeddable":true,"href":"https:\/\/freiburg.samstagsknaller.de\/index.php\/wp-json\/wp\/v2\/comments?post=9282"}],"version-history":[{"count":2,"href":"https:\/\/freiburg.samstagsknaller.de\/index.php\/wp-json\/wp\/v2\/pages\/9282\/revisions"}],"predecessor-version":[{"id":9293,"href":"https:\/\/freiburg.samstagsknaller.de\/index.php\/wp-json\/wp\/v2\/pages\/9282\/revisions\/9293"}],"wp:attachment":[{"href":"https:\/\/freiburg.samstagsknaller.de\/index.php\/wp-json\/wp\/v2\/media?parent=9282"}],"curies":[{"name":"wp","href":"https:\/\/api.w.org\/{rel}","templated":true}]}}